{"id":805,"date":"2024-02-14T14:12:08","date_gmt":"2024-02-14T14:12:08","guid":{"rendered":"https:\/\/www.bayraklaw.com\/?page_id=805"},"modified":"2024-02-19T06:25:54","modified_gmt":"2024-02-19T06:25:54","slug":"gizlilik-politikasi-ve-kvkk-aydinlatma-metni","status":"publish","type":"page","link":"https:\/\/www.bayraklaw.com\/en\/gizlilik-politikasi-ve-kvkk-aydinlatma-metni\/","title":{"rendered":"Privacy Policy and KVKK Clarification Text"},"content":{"rendered":"<div id=\"comp-ls0kob9j\" class=\"KQmfd2\">\n<div id=\"text-content-comp-ls0kob9j\" class=\"KcpHeO tz5f0K comp-ls0kob9j wixui-rich-text\" data-testid=\"richTextElement\">\n<p class=\"font_8 wixui-rich-text__text\"><span style=\"font-size: 17px; color: #000001;\"><strong><span class=\"wixui-rich-text__text\">Privacy Policy<\/span><\/strong><\/span><\/p>\n<p class=\"font_8 wixui-rich-text__text\"><span style=\"font-size: 17px;\">This Privacy Policy and KVKK Clarification text has been prepared by Bayrak Law Office in accordance with the Personal Data Protection Law No. 6698 (hereinafter referred to as \"KVKK\") to be read before use by the relevant persons (hereinafter referred to as \"Relevant Person\") who visit the website at https:\/\/bayraklaw.com\/ in any way.<\/span><\/p>\n<p class=\"font_8 wixui-rich-text__text\"><span style=\"font-size: 17px;\">The concept of contact with our clients, our candidates and client&#039;s, business partners including, but not limited to, the internet covers all persons who have visited any of our sites.<\/span><\/p>\n<p class=\"font_8 wixui-rich-text__text\"><span style=\"font-size: 17px;\">As Bayrak Law Office, we believe that the personal data collected within the scope of the services we provide must be safeguarded with the utmost legal protection. To achieve this goal, all administrative, technical, and legal measures are taken within Bayrak Law Office, and all types of personal data are processed, stored, and transferred in compliance with the Personal Data Protection Law (KVKK). This KVKK Disclosure Statement has been prepared to inform the Data Subjects about the purposes for which personal data will be collected and processed, whether it will be transferred, to whom and for what purposes it may be transferred, the method of collecting personal data, the legal reasons, and the rights of the data subjects under the KVKK.<\/span><\/p>\n<p class=\"font_8 wixui-rich-text__text\"><span style=\"font-size: 17px; color: #000001;\"><strong><span class=\"wixui-rich-text__text\">KVKK Disclosure Statement<\/span><\/strong><\/span><\/p>\n<p class=\"font_8 wixui-rich-text__text\"><span style=\"font-size: 17px;\">This KVKK Disclosure Statement has been prepared in accordance with Article 10 of the Law on the Protection of Personal Data (\"KVKK\"), under the heading \"The Obligation to Inform by the Data Controller,\" concerning the personal data collected, stored, and processed by Bayrak Law Office in its capacity as the \"Data Controller.\" Therefore, the data processing activities in cases where Bayrak Law Office acts as the \"Data Processor\" are not covered within the scope of this KVKK Disclosure Statement.<\/span><\/p>\n<p class=\"font_8 wixui-rich-text__text\"><span style=\"font-size: 17px;\">In line with the importance we attach to the security of personal data at Bayrak Law Office, all types of personal data held within our organization are processed, stored, and transferred in compliance with the Personal Data Protection Law (KVKK).<\/span><\/p>\n<p class=\"font_8 wixui-rich-text__text\"><span style=\"font-size: 17px;\">The definitions of the Clarification Text subject concepts are as follows;<\/span><\/p>\n<\/div>\n<\/div>\n<div id=\"comp-ls0ktd9k\" class=\"KQmfd2\">\n<div id=\"text-content-comp-ls0ktd9k\" class=\"KcpHeO tz5f0K comp-ls0ktd9k wixui-rich-text\" data-testid=\"richTextElement\">\n<p class=\"font_8 wixui-rich-text__text\"><span style=\"font-size: 17px;\"><span class=\"wixui-rich-text__text\">Personal Data:\u00a0<\/span>Any information regarding an identified or identifiable natural person.<\/span><\/p>\n<p class=\"font_8 wixui-rich-text__text\"><span style=\"font-size: 17px;\"><span class=\"wixui-rich-text__text\">Contact:<\/span>\u00a0Personal data is processed by a real person.<\/span><\/p>\n<p class=\"font_8 wixui-rich-text__text\"><span style=\"font-size: 17px;\"><span class=\"wixui-rich-text__text\">Special Quality (Sensitive) Personal Data:<\/span>\u00a0Of persons, race, ethnic origin, political opinion, philosophical belief, religion and sect, or other beliefs, costume and clothing, Association or trade union membership, health, sexual life, criminal convictions and security measures, biometric and genetic data with data on special personal data.<\/span><\/p>\n<p class=\"font_8 wixui-rich-text__text\"><span style=\"font-size: 17px;\"><span class=\"wixui-rich-text__text\">Data Responsible:\u00a0<\/span>Determines the purposes and means of the processing of personal data, a data recording system is the natural or legal person, who is responsible for the establishment and management of.<\/span><\/p>\n<p class=\"font_8 wixui-rich-text__text\"><span style=\"font-size: 17px;\"><span class=\"wixui-rich-text__text\">Process Data:\u00a0<\/span>Principal who process personal data on its behalf by the power vested in the data is the natural or legal person.<\/span><\/p>\n<p class=\"font_8 wixui-rich-text__text\"><span style=\"font-size: 17px;\"><span class=\"wixui-rich-text__text\">Explicit Consent:\u00a0<\/span>Related to a specific topic, based on informed consent and Free Will is described.<\/span><\/p>\n<p class=\"font_8 wixui-rich-text__text\"><span style=\"font-size: 17px;\"><span class=\"wixui-rich-text__text\">The Processing Of Personal Data:\u00a0<\/span>Your personal data completely or partially automated, or be part of any data recording system to record non-automatic means obtaining, recording, storage, preservation, alteration, rearrangement, disclosure, transfer, acquisition, can be obtained, making any classification such as the Prevention of the use or operation is performed on the data.<\/span><\/p>\n<\/div>\n<\/div>\n<div id=\"comp-ls0kx9ld\" class=\"KQmfd2\">\n<div id=\"text-content-comp-ls0kx9ld\" class=\"KcpHeO tz5f0K comp-ls0kx9ld wixui-rich-text\" data-testid=\"richTextElement\">\n<p>&nbsp;<\/p>\n<p class=\"font_8 wixui-rich-text__text\"><span style=\"font-size: 17px;\"><strong><span class=\"wixui-rich-text__text\"><span style=\"color: #000001;\">Responsible For The Data Information<\/span><\/span><\/strong><\/span><\/p>\n<p class=\"font_8 wixui-rich-text__text\"><span style=\"font-size: 17px;\">Bayrak Law Office<\/span><\/p>\n<ul class=\"font_8 wixui-rich-text__text\">\n<li class=\"wixui-rich-text__text\">\n<p class=\"font_8 wixui-rich-text__text\"><span style=\"font-size: 17px;\">Address: Cinarli, 61025. Sk. Sunar Nuri \u00c7omu Plaza, Block B Floor:12 No:124 01120 Seyhan\/Adana, T\u00fcrkiye<\/span><\/p>\n<\/li>\n<li class=\"wixui-rich-text__text\">\n<p class=\"font_8 wixui-rich-text__text\"><span style=\"font-size: 17px;\">Phone: +90 (532) 20 84 246<\/span><\/p>\n<\/li>\n<li class=\"wixui-rich-text__text\">\n<p class=\"font_8 wixui-rich-text__text\"><span style=\"font-size: 17px;\">Web: <a href=\"https:\/\/www.bayraklaw.com\/en\/\">https:\/\/www.bayraklaw.com\/<\/a><\/span><\/p>\n<\/li>\n<li class=\"wixui-rich-text__text\">\n<p class=\"font_8 wixui-rich-text__text\"><span style=\"font-size: 17px;\">E-mail:\u00a0<a href=\"mailto:info@bayraklaw.com\"><span class=\"wixui-rich-text__text\">info@bayraklaw.com<\/span><\/a><\/span><span style=\"font-size: 17px;\">\u200b<\/span><\/p>\n<\/li>\n<\/ul>\n<p>&nbsp;<\/p>\n<p class=\"font_8 wixui-rich-text__text\"><span style=\"font-size: 17px; color: #000001;\"><strong><span class=\"wixui-rich-text__text\">Purpose of Processing Your Personal Data<\/span><\/strong><\/span><\/p>\n<p class=\"font_8 wixui-rich-text__text\"><span style=\"font-size: 17px;\">Personal data of the Relevant Person collected by Bayrak Law Office electronically or physically, by automatic or non-automatic methods, within the scope of the activities carried out by Bayrak Law Office and in accordance with the provision of Article 4 of the KVKK;<\/span><\/p>\n<ul class=\"font_8 wixui-rich-text__text\">\n<li class=\"wixui-rich-text__text\">\n<p class=\"font_8 wixui-rich-text__text\"><span style=\"font-size: 17px;\">Accurate and up to date when necessary,<\/span><\/p>\n<\/li>\n<li class=\"wixui-rich-text__text\">\n<p class=\"font_8 wixui-rich-text__text\"><span style=\"font-size: 17px;\">For specific, explicit and legitimate purposes,<\/span><\/p>\n<\/li>\n<li class=\"wixui-rich-text__text\">\n<p class=\"font_8 wixui-rich-text__text\"><span style=\"font-size: 17px;\">Related to the purpose for which they are processed, limited and proportionate,<\/span><\/p>\n<\/li>\n<li class=\"wixui-rich-text__text\">\n<p class=\"font_8 wixui-rich-text__text\"><span style=\"font-size: 17px;\">It is processed under the condition of being retained for as long as required by the relevant legislation or necessary for the purposes for which it is processed.<\/span><\/p>\n<\/li>\n<\/ul>\n<p class=\"font_8 wixui-rich-text__text\"><span style=\"font-size: 17px;\">Bayrak Law Office processes personal data in accordance with the conditions set forth in Article 6 of the Personal Data Protection Law for the following purposes: facilitating and customizing the use of the website, evaluating the performance of the website and making necessary improvements, providing legal consultancy services, managing information security processes during the provision of services, ensuring adequate and necessary communication with our clients, prospective clients, and job applicants, managing recruitment processes, and fulfilling our legal obligations.<\/span><\/p>\n<p class=\"font_8 wixui-rich-text__text\"><span style=\"font-size: 17px; color: #000001;\"><strong><span class=\"wixui-rich-text__text\">The Transfer Of Personal Data<\/span><\/strong><\/span><\/p>\n<p class=\"font_8 wixui-rich-text__text\"><span style=\"font-size: 17px;\">The personal data of the relevant individual is transferred to authorized public institutions and organizations, if necessary or upon request, in accordance with the processing conditions and purposes of personal data specified in Articles 5 and 6 of the Personal Data Protection Law, as well as the conditions and purposes of processing special categories of personal data specified in Articles 8 and 9 of the KVKK.<\/span><\/p>\n<p class=\"font_8 wixui-rich-text__text\"><span style=\"font-size: 17px; color: #000001;\"><strong><span class=\"wixui-rich-text__text\">Collection of Personal Data and Legal Reason<\/span><\/strong><\/span><\/p>\n<p class=\"font_8 wixui-rich-text__text\"><span style=\"font-size: 17px;\">The personal data of the relevant individual is collected by Bayrak Law Office through all kinds of verbal, written, or electronic means, either automated or non-automated, in accordance with the fundamental principles regulated by the Personal Data Protection Law (KVKK).<\/span><\/p>\n<p class=\"font_8 wixui-rich-text__text\"><span style=\"font-size: 17px;\">The personal data of the relevant individual may be collected, processed, and transferred for the purposes stated in this Disclosure Statement, in accordance with the personal data processing conditions and purposes specified in Articles 5 and 6 of the Personal Data Protection Law, and in compliance with the fundamental principles envisaged by the KVKK.<\/span><\/p>\n<p class=\"font_8 wixui-rich-text__text\"><span style=\"font-size: 17px; color: #000001;\"><strong><span class=\"wixui-rich-text__text\">Rights of Persons whose Personal Data is Processed<\/span><\/strong><\/span><\/p>\n<p class=\"font_8 wixui-rich-text__text\"><span style=\"font-size: 17px;\">KVKK 11. according to the article, by contacting the principal of the data concerning himself for everyone;<\/span><\/p>\n<ol class=\"font_8 wixui-rich-text__text\">\n<li class=\"wixui-rich-text__text\">\n<p class=\"font_8 wixui-rich-text__text\"><span style=\"font-size: 17px;\">If your personal data has been processed learning<\/span><\/p>\n<\/li>\n<li class=\"wixui-rich-text__text\">\n<p class=\"font_8 wixui-rich-text__text\"><span style=\"font-size: 17px;\">Personal data is processed, to claim knowledge of it,<\/span><\/p>\n<\/li>\n<li class=\"wixui-rich-text__text\">\n<p class=\"font_8 wixui-rich-text__text\"><span style=\"font-size: 17px;\">Purposes of the processing of personal data, whether they are used according to their purpose and learning<\/span><\/p>\n<\/li>\n<li class=\"wixui-rich-text__text\">\n<p class=\"font_8 wixui-rich-text__text\"><span style=\"font-size: 17px;\">Your personal data is transferred within or outside the country, the knowledge of third parties,<\/span><\/p>\n<\/li>\n<li class=\"wixui-rich-text__text\">\n<p class=\"font_8 wixui-rich-text__text\"><span style=\"font-size: 17px;\">Incomplete or incorrectly processed personal data if you ask for them to be corrected,<\/span><\/p>\n<\/li>\n<li class=\"wixui-rich-text__text\">\n<p class=\"font_8 wixui-rich-text__text\"><span style=\"font-size: 17px;\">KVKK 7. article explained in the deletion or destruction of personal data within the framework of the terms,ask<\/span><\/p>\n<\/li>\n<li class=\"wixui-rich-text__text\">\n<p class=\"font_8 wixui-rich-text__text\"><span style=\"font-size: 17px;\">(d) and (e) transactions in accordance with paragraphs, personal data transferred to third parties requesting to be notified of,<\/span><\/p>\n<\/li>\n<li class=\"wixui-rich-text__text\">\n<p class=\"font_8 wixui-rich-text__text\"><span style=\"font-size: 17px;\">By analyzing the processed data exclusively through automated systems, one against one&#039;s self, the result of the appeal,<\/span><\/p>\n<\/li>\n<li class=\"wixui-rich-text__text\">\n<p class=\"font_8 wixui-rich-text__text\"><span style=\"font-size: 17px;\">In case of damage due to unlawful processing of personal data has the right to ask for damages to be fixed.<\/span><\/p>\n<\/li>\n<\/ol>\n<p class=\"font_8 wixui-rich-text__text\"><span style=\"font-size: 17px;\">Requests regarding the above-mentioned rights can be submitted in writing to \"\u00c7\u0131narl\u0131, 61025. Sk. Sunar Nuri \u00c7omu Business Centre B Blok, Kat:12 No:124 Seyhan\/ADANA\/TURKEY\" in writing, the KVKK information form in the annex of this Clarification Text can be filled out and sent to the company address given above with wet signature, delivered to Bayrak Law Office in person or sent to info@bayraklaw.com using the e-mail address previously notified to Bayrak Law Office and registered in the system.<\/span><\/p>\n<p class=\"font_8 wixui-rich-text__text\"><span style=\"font-size: 17px;\">If a written application is made to Bayrak Law Office regarding this matter, a response will be provided within 30 (thirty) days at the latest, depending on the nature of the request.<\/span><\/p>\n<\/div>\n<\/div>","protected":false},"excerpt":{"rendered":"<p>Gizlilik Politikas\u0131 \u0130\u015fbu Gizlilik Politikas\u0131 ve KVKK Ayd\u0131nlatma metni, Bayrak Hukuk &#8230; <\/p>","protected":false},"author":1,"featured_media":0,"parent":0,"menu_order":0,"comment_status":"closed","ping_status":"closed","template":"","meta":{"footnotes":""},"class_list":["post-805","page","type-page","status-publish","hentry"],"yoast_head":"<!-- This site is optimized with the Yoast SEO plugin v24.6 - https:\/\/yoast.com\/wordpress\/plugins\/seo\/ -->\n<title>Gizlilik Politikas\u0131 ve KVKK Ayd\u0131nlatma Metni - Bayrak Hukuk B\u00fcrosu<\/title>\n<meta name=\"robots\" content=\"index, follow, max-snippet:-1, max-image-preview:large, max-video-preview:-1\" \/>\n<link rel=\"canonical\" href=\"https:\/\/www.bayraklaw.com\/en\/gizlilik-politikasi-ve-kvkk-aydinlatma-metni\/\" \/>\n<meta property=\"og:locale\" content=\"en_GB\" \/>\n<meta property=\"og:type\" content=\"article\" \/>\n<meta property=\"og:title\" content=\"Gizlilik Politikas\u0131 ve KVKK Ayd\u0131nlatma Metni - Bayrak Hukuk B\u00fcrosu\" \/>\n<meta property=\"og:description\" content=\"Gizlilik Politikas\u0131 \u0130\u015fbu Gizlilik Politikas\u0131 ve KVKK Ayd\u0131nlatma metni, Bayrak Hukuk ...\" \/>\n<meta property=\"og:url\" content=\"https:\/\/www.bayraklaw.com\/en\/gizlilik-politikasi-ve-kvkk-aydinlatma-metni\/\" \/>\n<meta property=\"og:site_name\" content=\"Bayrak Hukuk B\u00fcrosu\" \/>\n<meta property=\"article:modified_time\" content=\"2024-02-19T06:25:54+00:00\" \/>\n<meta name=\"twitter:card\" content=\"summary_large_image\" \/>\n<meta name=\"twitter:label1\" content=\"Estimated reading time\" \/>\n\t<meta name=\"twitter:data1\" content=\"7 minutes\" \/>\n<script type=\"application\/ld+json\" class=\"yoast-schema-graph\">{\"@context\":\"https:\/\/schema.org\",\"@graph\":[{\"@type\":\"WebPage\",\"@id\":\"https:\/\/www.bayraklaw.com\/gizlilik-politikasi-ve-kvkk-aydinlatma-metni\/\",\"url\":\"https:\/\/www.bayraklaw.com\/gizlilik-politikasi-ve-kvkk-aydinlatma-metni\/\",\"name\":\"Gizlilik Politikas\u0131 ve KVKK Ayd\u0131nlatma Metni - Bayrak Hukuk B\u00fcrosu\",\"isPartOf\":{\"@id\":\"https:\/\/www.bayraklaw.com\/#website\"},\"datePublished\":\"2024-02-14T14:12:08+00:00\",\"dateModified\":\"2024-02-19T06:25:54+00:00\",\"breadcrumb\":{\"@id\":\"https:\/\/www.bayraklaw.com\/gizlilik-politikasi-ve-kvkk-aydinlatma-metni\/#breadcrumb\"},\"inLanguage\":\"en-GB\",\"potentialAction\":[{\"@type\":\"ReadAction\",\"target\":[\"https:\/\/www.bayraklaw.com\/gizlilik-politikasi-ve-kvkk-aydinlatma-metni\/\"]}]},{\"@type\":\"BreadcrumbList\",\"@id\":\"https:\/\/www.bayraklaw.com\/gizlilik-politikasi-ve-kvkk-aydinlatma-metni\/#breadcrumb\",\"itemListElement\":[{\"@type\":\"ListItem\",\"position\":1,\"name\":\"Anasayfa\",\"item\":\"https:\/\/www.bayraklaw.com\/\"},{\"@type\":\"ListItem\",\"position\":2,\"name\":\"Gizlilik Politikas\u0131 ve KVKK Ayd\u0131nlatma Metni\"}]},{\"@type\":\"WebSite\",\"@id\":\"https:\/\/www.bayraklaw.com\/#website\",\"url\":\"https:\/\/www.bayraklaw.com\/\",\"name\":\"Bayrak Hukuk B\u00fcrosu\",\"description\":\"\",\"publisher\":{\"@id\":\"https:\/\/www.bayraklaw.com\/#organization\"},\"potentialAction\":[{\"@type\":\"SearchAction\",\"target\":{\"@type\":\"EntryPoint\",\"urlTemplate\":\"https:\/\/www.bayraklaw.com\/?s={search_term_string}\"},\"query-input\":{\"@type\":\"PropertyValueSpecification\",\"valueRequired\":true,\"valueName\":\"search_term_string\"}}],\"inLanguage\":\"en-GB\"},{\"@type\":\"Organization\",\"@id\":\"https:\/\/www.bayraklaw.com\/#organization\",\"name\":\"Bayrak Hukuk B\u00fcrosu\",\"url\":\"https:\/\/www.bayraklaw.com\/\",\"logo\":{\"@type\":\"ImageObject\",\"inLanguage\":\"en-GB\",\"@id\":\"https:\/\/www.bayraklaw.com\/#\/schema\/logo\/image\/\",\"url\":\"https:\/\/www.bayraklaw.com\/wp-content\/uploads\/2025\/03\/Black-and-Yellow-Lines-Attorney-Law-Logo-2-kopyasi.png\",\"contentUrl\":\"https:\/\/www.bayraklaw.com\/wp-content\/uploads\/2025\/03\/Black-and-Yellow-Lines-Attorney-Law-Logo-2-kopyasi.png\",\"width\":1558,\"height\":860,\"caption\":\"Bayrak Hukuk B\u00fcrosu\"},\"image\":{\"@id\":\"https:\/\/www.bayraklaw.com\/#\/schema\/logo\/image\/\"},\"sameAs\":[\"http:\/\/linkedin.com\/company\/bayrak-law\"]}]}<\/script>\n<!-- \/ Yoast SEO plugin. -->","yoast_head_json":{"title":"Gizlilik Politikas\u0131 ve KVKK Ayd\u0131nlatma Metni - Bayrak Hukuk B\u00fcrosu","robots":{"index":"index","follow":"follow","max-snippet":"max-snippet:-1","max-image-preview":"max-image-preview:large","max-video-preview":"max-video-preview:-1"},"canonical":"https:\/\/www.bayraklaw.com\/en\/gizlilik-politikasi-ve-kvkk-aydinlatma-metni\/","og_locale":"en_GB","og_type":"article","og_title":"Gizlilik Politikas\u0131 ve KVKK Ayd\u0131nlatma Metni - Bayrak Hukuk B\u00fcrosu","og_description":"Gizlilik Politikas\u0131 \u0130\u015fbu Gizlilik Politikas\u0131 ve KVKK Ayd\u0131nlatma metni, Bayrak Hukuk ...","og_url":"https:\/\/www.bayraklaw.com\/en\/gizlilik-politikasi-ve-kvkk-aydinlatma-metni\/","og_site_name":"Bayrak Hukuk B\u00fcrosu","article_modified_time":"2024-02-19T06:25:54+00:00","twitter_card":"summary_large_image","twitter_misc":{"Estimated reading time":"7 minutes"},"schema":{"@context":"https:\/\/schema.org","@graph":[{"@type":"WebPage","@id":"https:\/\/www.bayraklaw.com\/gizlilik-politikasi-ve-kvkk-aydinlatma-metni\/","url":"https:\/\/www.bayraklaw.com\/gizlilik-politikasi-ve-kvkk-aydinlatma-metni\/","name":"Gizlilik Politikas\u0131 ve KVKK Ayd\u0131nlatma Metni - Bayrak Hukuk B\u00fcrosu","isPartOf":{"@id":"https:\/\/www.bayraklaw.com\/#website"},"datePublished":"2024-02-14T14:12:08+00:00","dateModified":"2024-02-19T06:25:54+00:00","breadcrumb":{"@id":"https:\/\/www.bayraklaw.com\/gizlilik-politikasi-ve-kvkk-aydinlatma-metni\/#breadcrumb"},"inLanguage":"en-GB","potentialAction":[{"@type":"ReadAction","target":["https:\/\/www.bayraklaw.com\/gizlilik-politikasi-ve-kvkk-aydinlatma-metni\/"]}]},{"@type":"BreadcrumbList","@id":"https:\/\/www.bayraklaw.com\/gizlilik-politikasi-ve-kvkk-aydinlatma-metni\/#breadcrumb","itemListElement":[{"@type":"ListItem","position":1,"name":"Anasayfa","item":"https:\/\/www.bayraklaw.com\/"},{"@type":"ListItem","position":2,"name":"Gizlilik Politikas\u0131 ve KVKK Ayd\u0131nlatma Metni"}]},{"@type":"WebSite","@id":"https:\/\/www.bayraklaw.com\/#website","url":"https:\/\/www.bayraklaw.com\/","name":"Bayrak Hukuk B\u00fcrosu","description":"","publisher":{"@id":"https:\/\/www.bayraklaw.com\/#organization"},"potentialAction":[{"@type":"SearchAction","target":{"@type":"EntryPoint","urlTemplate":"https:\/\/www.bayraklaw.com\/?s={search_term_string}"},"query-input":{"@type":"PropertyValueSpecification","valueRequired":true,"valueName":"search_term_string"}}],"inLanguage":"en-GB"},{"@type":"Organization","@id":"https:\/\/www.bayraklaw.com\/#organization","name":"Bayrak Hukuk B\u00fcrosu","url":"https:\/\/www.bayraklaw.com\/","logo":{"@type":"ImageObject","inLanguage":"en-GB","@id":"https:\/\/www.bayraklaw.com\/#\/schema\/logo\/image\/","url":"https:\/\/www.bayraklaw.com\/wp-content\/uploads\/2025\/03\/Black-and-Yellow-Lines-Attorney-Law-Logo-2-kopyasi.png","contentUrl":"https:\/\/www.bayraklaw.com\/wp-content\/uploads\/2025\/03\/Black-and-Yellow-Lines-Attorney-Law-Logo-2-kopyasi.png","width":1558,"height":860,"caption":"Bayrak Hukuk B\u00fcrosu"},"image":{"@id":"https:\/\/www.bayraklaw.com\/#\/schema\/logo\/image\/"},"sameAs":["http:\/\/linkedin.com\/company\/bayrak-law"]}]}},"_links":{"self":[{"href":"https:\/\/www.bayraklaw.com\/en\/wp-json\/wp\/v2\/pages\/805","targetHints":{"allow":["GET"]}}],"collection":[{"href":"https:\/\/www.bayraklaw.com\/en\/wp-json\/wp\/v2\/pages"}],"about":[{"href":"https:\/\/www.bayraklaw.com\/en\/wp-json\/wp\/v2\/types\/page"}],"author":[{"embeddable":true,"href":"https:\/\/www.bayraklaw.com\/en\/wp-json\/wp\/v2\/users\/1"}],"replies":[{"embeddable":true,"href":"https:\/\/www.bayraklaw.com\/en\/wp-json\/wp\/v2\/comments?post=805"}],"version-history":[{"count":9,"href":"https:\/\/www.bayraklaw.com\/en\/wp-json\/wp\/v2\/pages\/805\/revisions"}],"predecessor-version":[{"id":868,"href":"https:\/\/www.bayraklaw.com\/en\/wp-json\/wp\/v2\/pages\/805\/revisions\/868"}],"wp:attachment":[{"href":"https:\/\/www.bayraklaw.com\/en\/wp-json\/wp\/v2\/media?parent=805"}],"curies":[{"name":"wp","href":"https:\/\/api.w.org\/{rel}","templated":true}]}}