{"id":803,"date":"2024-02-14T14:10:30","date_gmt":"2024-02-14T14:10:30","guid":{"rendered":"https:\/\/www.bayraklaw.com\/?page_id=803"},"modified":"2024-02-15T13:44:27","modified_gmt":"2024-02-15T13:44:27","slug":"yasal-bildirim","status":"publish","type":"page","link":"https:\/\/www.bayraklaw.com\/en\/yasal-bildirim\/","title":{"rendered":"Legal Notice"},"content":{"rendered":"<p><span style=\"font-size: 17px;\">This Legal Notice sets out the nature of the content, intellectual property rights related to the content, and the rights and obligations of the parties concerning the content on the website https:\/\/www.bayraklaw.com\/, which belongs to Bayrak Law Firm.<\/span><\/p>\n<div id=\"comp-ls0gq7mk\" class=\"KQmfd2\">\n<div id=\"text-content-comp-ls0gq7mk\" class=\"KcpHeO tz5f0K comp-ls0gq7mk wixui-rich-text\" data-testid=\"richTextElement\">\n<div class=\"fusion-builder-row fusion-builder-row-inner fusion-row fusion-flex-align-items-stretch fusion-flex-content-wrap\">\n<div class=\"fusion-layout-column fusion_builder_column_inner fusion-builder-nested-column-0 fusion_builder_column_inner_1_1 1_1 fusion-flex-column fusion-flex-align-self-center\">\n<div class=\"fusion-column-wrapper fusion-flex-justify-content-center fusion-content-layout-column\">\n<div class=\"fusion-text fusion-text-2\">\n<h3><span style=\"font-size: 17px;\"><span class=\"TextRun SCXW171617466 BCX0\" lang=\"TR-TR\" xml:lang=\"TR-TR\" data-contrast=\"auto\"><span class=\"NormalTextRun SCXW171617466 BCX0\">Intellectual Property<\/span><\/span><\/span><\/h3>\n<p><span style=\"font-size: 17px;\">All content, articles, writings, as well as the Bayrak Law Office logo and the intellectual property rights arising from them, located on the Bayrak Law Office website, are exclusively owned by Bayrak Law Office. They are the property of Bayrak Law Office and cannot be copied, reproduced, modified, or used without the permission of Bayrak Law Office.<\/span><\/p>\n<\/div>\n<\/div>\n<\/div>\n<\/div>\n<\/div>\n<\/div>","protected":false},"excerpt":{"rendered":"<p>\u0130\u015fbu Yasal Bildirim metni, Bayrak Hukuk B\u00fcrosu\u2019na ait https:\/\/www.bayraklaw.com\/ internet sitesinde &#8230; <\/p>","protected":false},"author":1,"featured_media":0,"parent":0,"menu_order":0,"comment_status":"closed","ping_status":"closed","template":"","meta":{"footnotes":""},"class_list":["post-803","page","type-page","status-publish","hentry"],"yoast_head":"<!-- This site is optimized with the Yoast SEO plugin v24.6 - https:\/\/yoast.com\/wordpress\/plugins\/seo\/ -->\n<title>Yasal Bildirim - Bayrak Hukuk B\u00fcrosu<\/title>\n<meta name=\"robots\" content=\"index, follow, max-snippet:-1, max-image-preview:large, max-video-preview:-1\" \/>\n<link rel=\"canonical\" href=\"https:\/\/www.bayraklaw.com\/en\/yasal-bildirim\/\" \/>\n<meta property=\"og:locale\" content=\"en_GB\" \/>\n<meta property=\"og:type\" content=\"article\" \/>\n<meta property=\"og:title\" content=\"Yasal Bildirim - Bayrak Hukuk B\u00fcrosu\" \/>\n<meta property=\"og:description\" content=\"\u0130\u015fbu Yasal Bildirim metni, Bayrak Hukuk B\u00fcrosu\u2019na ait https:\/\/www.bayraklaw.com\/ internet sitesinde ...\" \/>\n<meta property=\"og:url\" content=\"https:\/\/www.bayraklaw.com\/en\/yasal-bildirim\/\" \/>\n<meta property=\"og:site_name\" content=\"Bayrak Hukuk B\u00fcrosu\" \/>\n<meta property=\"article:modified_time\" content=\"2024-02-15T13:44:27+00:00\" \/>\n<meta name=\"twitter:card\" content=\"summary_large_image\" \/>\n<meta name=\"twitter:label1\" content=\"Estimated reading time\" \/>\n\t<meta name=\"twitter:data1\" content=\"1 minute\" \/>\n<script type=\"application\/ld+json\" class=\"yoast-schema-graph\">{\"@context\":\"https:\/\/schema.org\",\"@graph\":[{\"@type\":\"WebPage\",\"@id\":\"https:\/\/www.bayraklaw.com\/yasal-bildirim\/\",\"url\":\"https:\/\/www.bayraklaw.com\/yasal-bildirim\/\",\"name\":\"Yasal Bildirim - Bayrak Hukuk B\u00fcrosu\",\"isPartOf\":{\"@id\":\"https:\/\/www.bayraklaw.com\/#website\"},\"datePublished\":\"2024-02-14T14:10:30+00:00\",\"dateModified\":\"2024-02-15T13:44:27+00:00\",\"breadcrumb\":{\"@id\":\"https:\/\/www.bayraklaw.com\/yasal-bildirim\/#breadcrumb\"},\"inLanguage\":\"en-GB\",\"potentialAction\":[{\"@type\":\"ReadAction\",\"target\":[\"https:\/\/www.bayraklaw.com\/yasal-bildirim\/\"]}]},{\"@type\":\"BreadcrumbList\",\"@id\":\"https:\/\/www.bayraklaw.com\/yasal-bildirim\/#breadcrumb\",\"itemListElement\":[{\"@type\":\"ListItem\",\"position\":1,\"name\":\"Anasayfa\",\"item\":\"https:\/\/www.bayraklaw.com\/\"},{\"@type\":\"ListItem\",\"position\":2,\"name\":\"Yasal Bildirim\"}]},{\"@type\":\"WebSite\",\"@id\":\"https:\/\/www.bayraklaw.com\/#website\",\"url\":\"https:\/\/www.bayraklaw.com\/\",\"name\":\"Bayrak Hukuk B\u00fcrosu\",\"description\":\"\",\"publisher\":{\"@id\":\"https:\/\/www.bayraklaw.com\/#organization\"},\"potentialAction\":[{\"@type\":\"SearchAction\",\"target\":{\"@type\":\"EntryPoint\",\"urlTemplate\":\"https:\/\/www.bayraklaw.com\/?s={search_term_string}\"},\"query-input\":{\"@type\":\"PropertyValueSpecification\",\"valueRequired\":true,\"valueName\":\"search_term_string\"}}],\"inLanguage\":\"en-GB\"},{\"@type\":\"Organization\",\"@id\":\"https:\/\/www.bayraklaw.com\/#organization\",\"name\":\"Bayrak Hukuk B\u00fcrosu\",\"url\":\"https:\/\/www.bayraklaw.com\/\",\"logo\":{\"@type\":\"ImageObject\",\"inLanguage\":\"en-GB\",\"@id\":\"https:\/\/www.bayraklaw.com\/#\/schema\/logo\/image\/\",\"url\":\"https:\/\/www.bayraklaw.com\/wp-content\/uploads\/2025\/03\/Black-and-Yellow-Lines-Attorney-Law-Logo-2-kopyasi.png\",\"contentUrl\":\"https:\/\/www.bayraklaw.com\/wp-content\/uploads\/2025\/03\/Black-and-Yellow-Lines-Attorney-Law-Logo-2-kopyasi.png\",\"width\":1558,\"height\":860,\"caption\":\"Bayrak Hukuk B\u00fcrosu\"},\"image\":{\"@id\":\"https:\/\/www.bayraklaw.com\/#\/schema\/logo\/image\/\"},\"sameAs\":[\"http:\/\/linkedin.com\/company\/bayrak-law\"]}]}<\/script>\n<!-- \/ Yoast SEO plugin. -->","yoast_head_json":{"title":"Yasal Bildirim - Bayrak Hukuk B\u00fcrosu","robots":{"index":"index","follow":"follow","max-snippet":"max-snippet:-1","max-image-preview":"max-image-preview:large","max-video-preview":"max-video-preview:-1"},"canonical":"https:\/\/www.bayraklaw.com\/en\/yasal-bildirim\/","og_locale":"en_GB","og_type":"article","og_title":"Yasal Bildirim - Bayrak Hukuk B\u00fcrosu","og_description":"\u0130\u015fbu Yasal Bildirim metni, Bayrak Hukuk B\u00fcrosu\u2019na ait https:\/\/www.bayraklaw.com\/ internet sitesinde ...","og_url":"https:\/\/www.bayraklaw.com\/en\/yasal-bildirim\/","og_site_name":"Bayrak Hukuk B\u00fcrosu","article_modified_time":"2024-02-15T13:44:27+00:00","twitter_card":"summary_large_image","twitter_misc":{"Estimated reading time":"1 minute"},"schema":{"@context":"https:\/\/schema.org","@graph":[{"@type":"WebPage","@id":"https:\/\/www.bayraklaw.com\/yasal-bildirim\/","url":"https:\/\/www.bayraklaw.com\/yasal-bildirim\/","name":"Yasal Bildirim - Bayrak Hukuk B\u00fcrosu","isPartOf":{"@id":"https:\/\/www.bayraklaw.com\/#website"},"datePublished":"2024-02-14T14:10:30+00:00","dateModified":"2024-02-15T13:44:27+00:00","breadcrumb":{"@id":"https:\/\/www.bayraklaw.com\/yasal-bildirim\/#breadcrumb"},"inLanguage":"en-GB","potentialAction":[{"@type":"ReadAction","target":["https:\/\/www.bayraklaw.com\/yasal-bildirim\/"]}]},{"@type":"BreadcrumbList","@id":"https:\/\/www.bayraklaw.com\/yasal-bildirim\/#breadcrumb","itemListElement":[{"@type":"ListItem","position":1,"name":"Anasayfa","item":"https:\/\/www.bayraklaw.com\/"},{"@type":"ListItem","position":2,"name":"Yasal Bildirim"}]},{"@type":"WebSite","@id":"https:\/\/www.bayraklaw.com\/#website","url":"https:\/\/www.bayraklaw.com\/","name":"Bayrak Hukuk B\u00fcrosu","description":"","publisher":{"@id":"https:\/\/www.bayraklaw.com\/#organization"},"potentialAction":[{"@type":"SearchAction","target":{"@type":"EntryPoint","urlTemplate":"https:\/\/www.bayraklaw.com\/?s={search_term_string}"},"query-input":{"@type":"PropertyValueSpecification","valueRequired":true,"valueName":"search_term_string"}}],"inLanguage":"en-GB"},{"@type":"Organization","@id":"https:\/\/www.bayraklaw.com\/#organization","name":"Bayrak Hukuk B\u00fcrosu","url":"https:\/\/www.bayraklaw.com\/","logo":{"@type":"ImageObject","inLanguage":"en-GB","@id":"https:\/\/www.bayraklaw.com\/#\/schema\/logo\/image\/","url":"https:\/\/www.bayraklaw.com\/wp-content\/uploads\/2025\/03\/Black-and-Yellow-Lines-Attorney-Law-Logo-2-kopyasi.png","contentUrl":"https:\/\/www.bayraklaw.com\/wp-content\/uploads\/2025\/03\/Black-and-Yellow-Lines-Attorney-Law-Logo-2-kopyasi.png","width":1558,"height":860,"caption":"Bayrak Hukuk B\u00fcrosu"},"image":{"@id":"https:\/\/www.bayraklaw.com\/#\/schema\/logo\/image\/"},"sameAs":["http:\/\/linkedin.com\/company\/bayrak-law"]}]}},"_links":{"self":[{"href":"https:\/\/www.bayraklaw.com\/en\/wp-json\/wp\/v2\/pages\/803","targetHints":{"allow":["GET"]}}],"collection":[{"href":"https:\/\/www.bayraklaw.com\/en\/wp-json\/wp\/v2\/pages"}],"about":[{"href":"https:\/\/www.bayraklaw.com\/en\/wp-json\/wp\/v2\/types\/page"}],"author":[{"embeddable":true,"href":"https:\/\/www.bayraklaw.com\/en\/wp-json\/wp\/v2\/users\/1"}],"replies":[{"embeddable":true,"href":"https:\/\/www.bayraklaw.com\/en\/wp-json\/wp\/v2\/comments?post=803"}],"version-history":[{"count":7,"href":"https:\/\/www.bayraklaw.com\/en\/wp-json\/wp\/v2\/pages\/803\/revisions"}],"predecessor-version":[{"id":863,"href":"https:\/\/www.bayraklaw.com\/en\/wp-json\/wp\/v2\/pages\/803\/revisions\/863"}],"wp:attachment":[{"href":"https:\/\/www.bayraklaw.com\/en\/wp-json\/wp\/v2\/media?parent=803"}],"curies":[{"name":"wp","href":"https:\/\/api.w.org\/{rel}","templated":true}]}}