{"id":801,"date":"2024-02-14T14:09:11","date_gmt":"2024-02-14T14:09:11","guid":{"rendered":"https:\/\/www.bayraklaw.com\/?page_id=801"},"modified":"2024-02-15T13:31:42","modified_gmt":"2024-02-15T13:31:42","slug":"cerez-politikasi","status":"publish","type":"page","link":"https:\/\/www.bayraklaw.com\/en\/cerez-politikasi\/","title":{"rendered":"Cookie Policy"},"content":{"rendered":"<div id=\"comp-ls0gq7mk\" class=\"KQmfd2\">\n<div id=\"text-content-comp-ls0gq7mk\" class=\"KcpHeO tz5f0K comp-ls0gq7mk wixui-rich-text\" data-testid=\"richTextElement\">\n<div class=\"fusion-builder-row fusion-builder-row-inner fusion-row fusion-flex-align-items-stretch fusion-flex-content-wrap\">\n<div class=\"fusion-layout-column fusion_builder_column_inner fusion-builder-nested-column-0 fusion_builder_column_inner_1_1 1_1 fusion-flex-column fusion-flex-align-self-center\">\n<div class=\"fusion-column-wrapper fusion-flex-justify-content-center fusion-content-layout-column\">\n<div class=\"fusion-text fusion-text-2\">\n<h3><span style=\"font-size: 17px;\"><span class=\"TextRun SCXW171617466 BCX0\" lang=\"TR-TR\" xml:lang=\"TR-TR\" data-contrast=\"auto\"><span class=\"NormalTextRun SCXW171617466 BCX0\">Cookies (\u201cCookie\u201d) Description<\/span><\/span><\/span><\/h3>\n<p><span style=\"font-size: 17px;\">Internet cookies through the browser by sites you visit on your computer (or other devices, such as smart phone or tablet) and usually very small text files consisting of letters and numbers that are recorded. Visitors cookies related to, name, gender, address, or such as do not contain personal data.<\/span><\/p>\n<p><span style=\"font-size: 17px;\">They are Cookies created by the server that manages the internet site you visit. Thus, when the user visits the same site, the server can understand it. Cookies, internet site owners visitor an ID card that shows the same can be likened to when you visit the site again.<\/span><\/p>\n<h3><span style=\"font-size: 17px; color: #000001;\">Types and use of cookies<\/span><\/h3>\n<p><span style=\"font-size: 17px;\"><u>The types of cookies according to duration of use:<\/u> Law firm&#039;s flag according to the time of internet use on the site, session cookies and persistent Cookies. The session cookie expires when you close your browser. Persistent cookies will remain on your hard disk for a long time or indefinitely.<\/span><\/p>\n<p><span style=\"font-size: 17px;\"><u>The types of cookies according to the intended use:<\/u> The flag law firm internet site based on the intended use; compulsory cookies, technical cookies, authentication cookies targeting\/advertising Cookies, analytical cookies and personalization cookies are used. These cookies using the flag law firm; conducts statistical studies.<\/span><\/p>\n<p>&nbsp;<\/p>\n<\/div>\n<\/div>\n<\/div>\n<\/div>\n<div class=\"table-1\">\n<table width=\"100%\">\n<tbody>\n<tr>\n<td align=\"left\"><span style=\"color: #000001;\"><strong><span style=\"font-size: 17px;\">Session Cookies<\/span><\/strong><\/span><\/td>\n<td align=\"left\"><span style=\"font-size: 17px;\">Session cookies are used during visits to our site visitors, are temporary cookies that are deleted after the browser is closed.<\/span><\/p>\n<p><span style=\"font-size: 17px;\">The main purpose of such use of cookies during your visit is to ensure that the site work properly.<\/span><\/td>\n<\/tr>\n<tr>\n<td align=\"left\"><span style=\"color: #000001;\"><strong><span style=\"font-size: 17px;\">Persistent Cookies<\/span><\/strong><\/span><\/td>\n<td align=\"left\"><span style=\"font-size: 17px;\" data-contrast=\"auto\">Persistent Cookies improve the functionality of the site, in order to provide faster and better service to our visitors are the types of cookies used. Such cookies are used to remember visitor preferences, and that is used is stored in the device through the browser.<\/span><\/p>\n<p><span style=\"font-size: 17px;\" data-contrast=\"auto\">Considering issues such as the intended use of the site and some types of persistent cookies can be used to provide specific suggestions.<\/span><\/p>\n<p><span style=\"font-size: 17px;\" data-contrast=\"auto\">Persistent cookies enable us Site, with the same device again in case you are visiting on your device and if you have a cookie that is created by the site, it is understood that you have previously visited your site and the content that will be provided is determined in the direction of, and thus you are offered a better service.<\/span><\/td>\n<\/tr>\n<tr>\n<td align=\"left\"><span style=\"color: #000001;\"><strong><span style=\"font-size: 17px;\">Mandatory Cookies<\/span><\/strong><\/span><\/td>\n<td align=\"left\"><span class=\"TextRun SCXW198897850 BCX0\" lang=\"TR-TR\" style=\"font-size: 17px;\" xml:lang=\"TR-TR\" data-contrast=\"auto\"><span class=\"NormalTextRun SCXW198897850 BCX0\">These cookies\u00a0<\/span><span class=\"NormalTextRun SCXW198897850 BCX0\">internet<\/span><span class=\"NormalTextRun SCXW198897850 BCX0\">\u00a0can be switched off in our systems, and are required for the operation of the site.\u00a0<\/span><span class=\"NormalTextRun SCXW198897850 BCX0\">Internet<\/span><span class=\"NormalTextRun SCXW198897850 BCX0\">\u00a0to navigate the site\u00a0<\/span><span class=\"NormalTextRun SCXW198897850 BCX0\">and other actions you perform<\/span><span class=\"NormalTextRun SCXW198897850 BCX0\">\u00a0enables.<\/span><\/span><\/td>\n<\/tr>\n<tr>\n<td align=\"left\"><span style=\"color: #000001;\"><strong><span style=\"font-size: 17px;\">Technical Cookies<\/span><\/strong><\/span><\/td>\n<td align=\"left\"><span class=\"TextRun SCXW234662464 BCX0\" lang=\"TR-TR\" style=\"font-size: 17px;\" xml:lang=\"TR-TR\" data-contrast=\"auto\"><span class=\"NormalTextRun SCXW234662464 BCX0\">Technical cookies\u00a0<\/span><span class=\"NormalTextRun SCXW234662464 BCX0\">site<\/span><span class=\"NormalTextRun SCXW234662464 BCX0\">\u00a0work provided to the internet site to non-working pages and areas are identified.<\/span><\/span><\/td>\n<\/tr>\n<tr>\n<td align=\"left\"><span style=\"color: #000001;\"><strong><span style=\"font-size: 17px;\">Personalization Cookies<\/span><\/strong><\/span><\/td>\n<td align=\"left\"><span class=\"TextRun SCXW264017494 BCX0\" lang=\"TR-TR\" style=\"font-size: 17px;\" xml:lang=\"TR-TR\" data-contrast=\"auto\"><span class=\"NormalTextRun SCXW264017494 BCX0\">Users have different preferences\u00a0<\/span><span class=\"NormalTextRun SCXW264017494 BCX0\">s<\/span><span class=\"NormalTextRun SCXW264017494 BCX0\">cookies are used to remember the pages that a visit to it also. For example, remember your language preference your chosen.<\/span><\/span><\/td>\n<\/tr>\n<tr>\n<td align=\"left\"><span style=\"color: #000001;\"><strong><span style=\"font-size: 17px;\">Analytical Cookies<\/span><\/strong><\/span><\/td>\n<td align=\"left\"><span class=\"TextRun SCXW255542296 BCX0\" lang=\"TR-TR\" style=\"font-size: 17px;\" xml:lang=\"TR-TR\" data-contrast=\"auto\"><span class=\"NormalTextRun SCXW255542296 BCX0\">Analytical cookies\u00a0<\/span><span class=\"NormalTextRun SCXW255542296 BCX0\">site<\/span><span class=\"NormalTextRun SCXW255542296 BCX0\">\u00a0the numbers of visitors,\u00a0<\/span><span class=\"NormalTextRun SCXW255542296 BCX0\">site\u00a0<\/span><span class=\"NormalTextRun SCXW255542296 BCX0\">of pages viewed detection\u00a0<\/span><span class=\"NormalTextRun SCXW255542296 BCX0\">s<\/span><span class=\"NormalTextRun SCXW255542296 BCX0\">Mutt visiting hours,\u00a0<\/span><span class=\"NormalTextRun SCXW255542296 BCX0\">s<\/span><span class=\"NormalTextRun SCXW255542296 BCX0\">movements such as the pages scroll push to cookies that are enabling the production of analytical results.<\/span><\/span><\/td>\n<\/tr>\n<\/tbody>\n<\/table>\n<\/div>\n<div class=\"fusion-builder-row fusion-builder-row-inner fusion-row fusion-flex-align-items-stretch fusion-flex-content-wrap\">\n<div class=\"fusion-layout-column fusion_builder_column_inner fusion-builder-nested-column-1 fusion_builder_column_inner_1_1 1_1 fusion-flex-column fusion-flex-align-self-center\">\n<div class=\"fusion-column-wrapper fusion-flex-justify-content-center fusion-content-layout-column\">\n<div class=\"fusion-text fusion-text-3\">\n<p>&nbsp;<\/p>\n<p><span style=\"color: #000001;\"><strong><span style=\"font-size: 17px;\">The flag law office of cookies;<\/span><\/strong><\/span><\/p>\n<ul>\n<li><span style=\"font-size: 17px;\">Remembering your preferences, personalize your use of the site and internet use.<\/span><\/li>\n<li><span style=\"font-size: 17px;\">You view internet content on your site, such as duration of your visit and how you use the website uses to determine.<\/span><\/li>\n<li><span style=\"font-size: 17px;\">To perform the basic functions required for the operation of the site uses.<\/span><\/li>\n<li><span style=\"font-size: 17px;\">The site uses to analyze and improve the performance of the site. For example, determining the number of visitors to the site, and accordingly facilitate visitors to find what they&#039;re looking for, or to be done in the performance settings.<\/span><\/li>\n<li><span style=\"font-size: 17px;\">To provide ease of use of the site, enhancing the functionality and uses. For example, visitors who visit the site to remember on the next visit, or link to third parties through the site provide information or search queries.<\/span><\/li>\n<\/ul>\n<h3><span style=\"font-size: 17px; color: #000001;\">Collection and management of cookies<\/span><\/h3>\n<p><span style=\"font-size: 17px;\">Cookies on the device you are accessing the internet website of the law office of the flag is collected, and the collected information is specific to the device. Cookie preferences, the flag is left to the will of the user who visits the internet site law firm. Law firm&#039;s flag cookies when you visit the site your preferences regarding the use of the internet possible to determine directly recognized. You can change your preferences through your browser settings regarding the use of the cookies, you can delete or Block cookies.<\/span><\/p>\n<\/div>\n<\/div>\n<\/div>\n<\/div>\n<\/div>\n<\/div>","protected":false},"excerpt":{"rendered":"<p>\u00c7erez (\u201cCookie\u201d) Tan\u0131m\u0131 \u00c7erezler, ziyaret etti\u011finiz internet siteleri taraf\u0131ndan taray\u0131c\u0131lar arac\u0131l\u0131\u011f\u0131yla &#8230; <\/p>","protected":false},"author":1,"featured_media":0,"parent":0,"menu_order":0,"comment_status":"closed","ping_status":"closed","template":"","meta":{"footnotes":""},"class_list":["post-801","page","type-page","status-publish","hentry"],"yoast_head":"<!-- This site is optimized with the Yoast SEO plugin v24.6 - https:\/\/yoast.com\/wordpress\/plugins\/seo\/ -->\n<title>\u00c7erez Politikas\u0131 - Bayrak Hukuk B\u00fcrosu<\/title>\n<meta name=\"robots\" content=\"index, follow, max-snippet:-1, max-image-preview:large, max-video-preview:-1\" \/>\n<link rel=\"canonical\" href=\"https:\/\/www.bayraklaw.com\/en\/cerez-politikasi\/\" \/>\n<meta property=\"og:locale\" content=\"en_GB\" \/>\n<meta property=\"og:type\" content=\"article\" \/>\n<meta property=\"og:title\" content=\"\u00c7erez Politikas\u0131 - Bayrak Hukuk B\u00fcrosu\" \/>\n<meta property=\"og:description\" content=\"\u00c7erez (\u201cCookie\u201d) Tan\u0131m\u0131 \u00c7erezler, ziyaret etti\u011finiz internet siteleri taraf\u0131ndan taray\u0131c\u0131lar arac\u0131l\u0131\u011f\u0131yla ...\" \/>\n<meta property=\"og:url\" content=\"https:\/\/www.bayraklaw.com\/en\/cerez-politikasi\/\" \/>\n<meta property=\"og:site_name\" content=\"Bayrak Hukuk B\u00fcrosu\" \/>\n<meta property=\"article:modified_time\" content=\"2024-02-15T13:31:42+00:00\" \/>\n<meta name=\"twitter:card\" content=\"summary_large_image\" \/>\n<meta name=\"twitter:label1\" content=\"Estimated reading time\" \/>\n\t<meta name=\"twitter:data1\" content=\"4 minutes\" \/>\n<script type=\"application\/ld+json\" class=\"yoast-schema-graph\">{\"@context\":\"https:\/\/schema.org\",\"@graph\":[{\"@type\":\"WebPage\",\"@id\":\"https:\/\/www.bayraklaw.com\/cerez-politikasi\/\",\"url\":\"https:\/\/www.bayraklaw.com\/cerez-politikasi\/\",\"name\":\"\u00c7erez Politikas\u0131 - Bayrak Hukuk B\u00fcrosu\",\"isPartOf\":{\"@id\":\"https:\/\/www.bayraklaw.com\/#website\"},\"datePublished\":\"2024-02-14T14:09:11+00:00\",\"dateModified\":\"2024-02-15T13:31:42+00:00\",\"breadcrumb\":{\"@id\":\"https:\/\/www.bayraklaw.com\/cerez-politikasi\/#breadcrumb\"},\"inLanguage\":\"en-GB\",\"potentialAction\":[{\"@type\":\"ReadAction\",\"target\":[\"https:\/\/www.bayraklaw.com\/cerez-politikasi\/\"]}]},{\"@type\":\"BreadcrumbList\",\"@id\":\"https:\/\/www.bayraklaw.com\/cerez-politikasi\/#breadcrumb\",\"itemListElement\":[{\"@type\":\"ListItem\",\"position\":1,\"name\":\"Anasayfa\",\"item\":\"https:\/\/www.bayraklaw.com\/\"},{\"@type\":\"ListItem\",\"position\":2,\"name\":\"\u00c7erez Politikas\u0131\"}]},{\"@type\":\"WebSite\",\"@id\":\"https:\/\/www.bayraklaw.com\/#website\",\"url\":\"https:\/\/www.bayraklaw.com\/\",\"name\":\"Bayrak Hukuk B\u00fcrosu\",\"description\":\"\",\"publisher\":{\"@id\":\"https:\/\/www.bayraklaw.com\/#organization\"},\"potentialAction\":[{\"@type\":\"SearchAction\",\"target\":{\"@type\":\"EntryPoint\",\"urlTemplate\":\"https:\/\/www.bayraklaw.com\/?s={search_term_string}\"},\"query-input\":{\"@type\":\"PropertyValueSpecification\",\"valueRequired\":true,\"valueName\":\"search_term_string\"}}],\"inLanguage\":\"en-GB\"},{\"@type\":\"Organization\",\"@id\":\"https:\/\/www.bayraklaw.com\/#organization\",\"name\":\"Bayrak Hukuk B\u00fcrosu\",\"url\":\"https:\/\/www.bayraklaw.com\/\",\"logo\":{\"@type\":\"ImageObject\",\"inLanguage\":\"en-GB\",\"@id\":\"https:\/\/www.bayraklaw.com\/#\/schema\/logo\/image\/\",\"url\":\"https:\/\/www.bayraklaw.com\/wp-content\/uploads\/2025\/03\/Black-and-Yellow-Lines-Attorney-Law-Logo-2-kopyasi.png\",\"contentUrl\":\"https:\/\/www.bayraklaw.com\/wp-content\/uploads\/2025\/03\/Black-and-Yellow-Lines-Attorney-Law-Logo-2-kopyasi.png\",\"width\":1558,\"height\":860,\"caption\":\"Bayrak Hukuk B\u00fcrosu\"},\"image\":{\"@id\":\"https:\/\/www.bayraklaw.com\/#\/schema\/logo\/image\/\"},\"sameAs\":[\"http:\/\/linkedin.com\/company\/bayrak-law\"]}]}<\/script>\n<!-- \/ Yoast SEO plugin. -->","yoast_head_json":{"title":"\u00c7erez Politikas\u0131 - Bayrak Hukuk B\u00fcrosu","robots":{"index":"index","follow":"follow","max-snippet":"max-snippet:-1","max-image-preview":"max-image-preview:large","max-video-preview":"max-video-preview:-1"},"canonical":"https:\/\/www.bayraklaw.com\/en\/cerez-politikasi\/","og_locale":"en_GB","og_type":"article","og_title":"\u00c7erez Politikas\u0131 - Bayrak Hukuk B\u00fcrosu","og_description":"\u00c7erez (\u201cCookie\u201d) Tan\u0131m\u0131 \u00c7erezler, ziyaret etti\u011finiz internet siteleri taraf\u0131ndan taray\u0131c\u0131lar arac\u0131l\u0131\u011f\u0131yla ...","og_url":"https:\/\/www.bayraklaw.com\/en\/cerez-politikasi\/","og_site_name":"Bayrak Hukuk B\u00fcrosu","article_modified_time":"2024-02-15T13:31:42+00:00","twitter_card":"summary_large_image","twitter_misc":{"Estimated reading time":"4 minutes"},"schema":{"@context":"https:\/\/schema.org","@graph":[{"@type":"WebPage","@id":"https:\/\/www.bayraklaw.com\/cerez-politikasi\/","url":"https:\/\/www.bayraklaw.com\/cerez-politikasi\/","name":"\u00c7erez Politikas\u0131 - Bayrak Hukuk B\u00fcrosu","isPartOf":{"@id":"https:\/\/www.bayraklaw.com\/#website"},"datePublished":"2024-02-14T14:09:11+00:00","dateModified":"2024-02-15T13:31:42+00:00","breadcrumb":{"@id":"https:\/\/www.bayraklaw.com\/cerez-politikasi\/#breadcrumb"},"inLanguage":"en-GB","potentialAction":[{"@type":"ReadAction","target":["https:\/\/www.bayraklaw.com\/cerez-politikasi\/"]}]},{"@type":"BreadcrumbList","@id":"https:\/\/www.bayraklaw.com\/cerez-politikasi\/#breadcrumb","itemListElement":[{"@type":"ListItem","position":1,"name":"Anasayfa","item":"https:\/\/www.bayraklaw.com\/"},{"@type":"ListItem","position":2,"name":"\u00c7erez Politikas\u0131"}]},{"@type":"WebSite","@id":"https:\/\/www.bayraklaw.com\/#website","url":"https:\/\/www.bayraklaw.com\/","name":"Bayrak Hukuk B\u00fcrosu","description":"","publisher":{"@id":"https:\/\/www.bayraklaw.com\/#organization"},"potentialAction":[{"@type":"SearchAction","target":{"@type":"EntryPoint","urlTemplate":"https:\/\/www.bayraklaw.com\/?s={search_term_string}"},"query-input":{"@type":"PropertyValueSpecification","valueRequired":true,"valueName":"search_term_string"}}],"inLanguage":"en-GB"},{"@type":"Organization","@id":"https:\/\/www.bayraklaw.com\/#organization","name":"Bayrak Hukuk B\u00fcrosu","url":"https:\/\/www.bayraklaw.com\/","logo":{"@type":"ImageObject","inLanguage":"en-GB","@id":"https:\/\/www.bayraklaw.com\/#\/schema\/logo\/image\/","url":"https:\/\/www.bayraklaw.com\/wp-content\/uploads\/2025\/03\/Black-and-Yellow-Lines-Attorney-Law-Logo-2-kopyasi.png","contentUrl":"https:\/\/www.bayraklaw.com\/wp-content\/uploads\/2025\/03\/Black-and-Yellow-Lines-Attorney-Law-Logo-2-kopyasi.png","width":1558,"height":860,"caption":"Bayrak Hukuk B\u00fcrosu"},"image":{"@id":"https:\/\/www.bayraklaw.com\/#\/schema\/logo\/image\/"},"sameAs":["http:\/\/linkedin.com\/company\/bayrak-law"]}]}},"_links":{"self":[{"href":"https:\/\/www.bayraklaw.com\/en\/wp-json\/wp\/v2\/pages\/801","targetHints":{"allow":["GET"]}}],"collection":[{"href":"https:\/\/www.bayraklaw.com\/en\/wp-json\/wp\/v2\/pages"}],"about":[{"href":"https:\/\/www.bayraklaw.com\/en\/wp-json\/wp\/v2\/types\/page"}],"author":[{"embeddable":true,"href":"https:\/\/www.bayraklaw.com\/en\/wp-json\/wp\/v2\/users\/1"}],"replies":[{"embeddable":true,"href":"https:\/\/www.bayraklaw.com\/en\/wp-json\/wp\/v2\/comments?post=801"}],"version-history":[{"count":4,"href":"https:\/\/www.bayraklaw.com\/en\/wp-json\/wp\/v2\/pages\/801\/revisions"}],"predecessor-version":[{"id":858,"href":"https:\/\/www.bayraklaw.com\/en\/wp-json\/wp\/v2\/pages\/801\/revisions\/858"}],"wp:attachment":[{"href":"https:\/\/www.bayraklaw.com\/en\/wp-json\/wp\/v2\/media?parent=801"}],"curies":[{"name":"wp","href":"https:\/\/api.w.org\/{rel}","templated":true}]}}