{"id":601,"date":"2024-02-02T08:04:03","date_gmt":"2024-02-02T08:04:03","guid":{"rendered":"https:\/\/www.bayraklaw.com\/?page_id=601"},"modified":"2025-06-02T14:04:46","modified_gmt":"2025-06-02T14:04:46","slug":"iletisim","status":"publish","type":"page","link":"https:\/\/www.bayraklaw.com\/en\/iletisim\/","title":{"rendered":"CONTACT US"},"content":{"rendered":"<div class=\"wpb-content-wrapper\"><div class=\"vc_row wpb_row vc_row-fluid\"><div class=\"wpb_column vc_column_container vc_col-sm-3\"><div class=\"vc_column-inner\"><div class=\"wpb_wrapper\"><div id=\"cz_12649\" class=\"cz_12649 services clr style1 cz_sbi_fx_1 services_b\"><div class=\"service_custom\"><i class=\"fa czico-170-location\"><\/i><\/div><div class=\"service_text\"><h3>Address<\/h3><div class=\"cz_wpe_content\"><span style=\"font-size: 13px;\">Cinarli, Sunar Nuri Comu Plaza, Seyhan\/ADANA, TURKIYE<\/span><\/div><\/div><\/div><\/div><\/div><\/div><div class=\"wpb_column vc_column_container vc_col-sm-3\"><div class=\"vc_column-inner\"><div class=\"wpb_wrapper\"><div id=\"cz_16877\" class=\"cz_16877 services clr style1 cz_sbi_fx_1 services_b\"><div class=\"service_custom\"><i class=\"fa czico-039-clock-2\"><\/i><\/div><div class=\"service_text\"><h3>Working Hours<\/h3><div class=\"cz_wpe_content\">Monday - Friday<br \/>\n09:00 &#8211; 18:00<\/div><\/div><\/div><\/div><\/div><\/div><div class=\"wpb_column vc_column_container vc_col-sm-3\"><div class=\"vc_column-inner\"><div class=\"wpb_wrapper\"><a href=\"tel:+905322468420\"><div id=\"cz_33069\" class=\"cz_33069 services clr style1 cz_sbi_fx_1 services_b\"><div class=\"service_custom\"><i class=\"fas fa-phone\"><\/i><\/div><div class=\"service_text\"><h3>Phone<\/h3><div class=\"cz_wpe_content\">+90 (532) 246 84 20<\/div><\/div><\/div><\/a><\/div><\/div><\/div><div class=\"wpb_column vc_column_container vc_col-sm-3\"><div class=\"vc_column-inner\"><div class=\"wpb_wrapper\"><a href=\"mailto:info@bayraklaw.com\"><div id=\"cz_55525\" class=\"cz_55525 services clr style1 cz_sbi_fx_1 services_b\"><div class=\"service_custom\"><i class=\"fa fa-envelope\"><\/i><\/div><div class=\"service_text\"><h3>E-Mail<\/h3><div class=\"cz_wpe_content\">info@bayraklaw.com<\/div><\/div><\/div><\/a><\/div><\/div><\/div><\/div><div class=\"vc_row wpb_row vc_row-fluid\"><div class=\"wpb_column vc_column_container vc_col-sm-12\"><div class=\"vc_column-inner\"><div class=\"wpb_wrapper\"><div class=\"cz_gap clr\" style=\"height: 60px\"><\/div><\/div><\/div><\/div><\/div><div class=\"vc_row wpb_row vc_row-fluid vc_custom_1497126171788 vc_row-has-fill\"><div class=\"wpb_column vc_column_container vc_col-sm-12 vc_col-lg-6\"><div class=\"vc_column-inner\"><div class=\"wpb_wrapper\"><div id=\"cz_58958\" class=\"cz_58958 cz_title clr cz_title_pos_inline\"><div class=\"cz_title_shape shape_text cz_shape_1\">C<\/div><div class=\"cz_title_content\"><div class=\"cz_wpe_content\"><h5><span style=\"font-size: 38px; color: #000001;\">Contact Form<\/span><\/h5>\n<\/div><\/div><\/div><div class=\"cz_gap clr\" style=\"height: 30px\"><\/div>\n\t<div class=\"wpb_text_column wpb_content_element\" >\n\t\t<div class=\"wpb_wrapper\">\n\t\t\t<div id=\"quform-ec006e\" class=\"quform quform-1 quform-theme-minimal quform-support-page-caching\"><form id=\"quform-form-ec006e\" class=\"quform-form quform-form-1\" action=\"\/en\/wp-json\/wp\/v2\/pages\/601#quform-ec006e\" method=\"post\" enctype=\"multipart\/form-data\" novalidate=\"novalidate\" data-options=\"{&quot;id&quot;:1,&quot;uniqueId&quot;:&quot;ec006e&quot;,&quot;theme&quot;:&quot;minimal&quot;,&quot;ajax&quot;:true,&quot;logic&quot;:{&quot;logic&quot;:[],&quot;dependents&quot;:[],&quot;elementIds&quot;:[],&quot;dependentElementIds&quot;:[],&quot;animate&quot;:true},&quot;currentPageId&quot;:1,&quot;errorsIcon&quot;:&quot;&quot;,&quot;updateFancybox&quot;:true,&quot;hasPages&quot;:false,&quot;pages&quot;:[1],&quot;pageProgressType&quot;:&quot;numbers&quot;,&quot;tooltipsEnabled&quot;:true,&quot;tooltipClasses&quot;:&quot;qtip-quform-dark qtip-shadow&quot;,&quot;tooltipMy&quot;:&quot;left center&quot;,&quot;tooltipAt&quot;:&quot;right center&quot;,&quot;isRtl&quot;:false,&quot;scrollOffset&quot;:-50,&quot;scrollSpeed&quot;:800}\" data-trp-original-action=\"\/en\/wp-json\/wp\/v2\/pages\/601#quform-ec006e\"><button class=\"quform-default-submit\" name=\"quform_submit\" type=\"submit\" value=\"submit\" aria-hidden=\"true\" tabindex=\"-1\"><\/button><div class=\"quform-form-inner quform-form-inner-1\"><input type=\"hidden\" name=\"quform_form_id\" value=\"1\" \/><input type=\"hidden\" name=\"quform_form_uid\" value=\"ec006e\" \/><input type=\"hidden\" name=\"quform_count\" value=\"1\" \/><input type=\"hidden\" name=\"form_url\" value=\"https:\/\/www.bayraklaw.com\/en\/wp-json\/wp\/v2\/pages\/601\" \/><input type=\"hidden\" name=\"referring_url\" value=\"\" \/><input type=\"hidden\" name=\"post_id\" value=\"\" \/><input type=\"hidden\" name=\"post_title\" value=\"\" \/><input type=\"hidden\" name=\"quform_current_page_id\" value=\"1\" \/><input type=\"hidden\" name=\"quform_csrf_token\" value=\"LCBex1ZdaelbmbBRhUcpVIXX7WvWYO3xlPjfIN8d\" \/><div class=\"quform-elements quform-elements-1 quform-cf quform-responsive-elements-phone-landscape\"><div class=\"quform-element quform-element-page quform-page-1 quform-page-1_1 quform-cf quform-group-style-plain quform-first-page quform-last-page quform-current-page\"><div class=\"quform-child-elements\"><div class=\"quform-element quform-element-row quform-element-row-1_3 quform-2-columns quform-element-row-size-fixed quform-responsive-columns-phone-landscape\"><div class=\"quform-element quform-element-column quform-element-1_4\"><div class=\"quform-element quform-element-text quform-element-1_6 quform-cf quform-labels-inside quform-element-required\"><div class=\"quform-spacer\"><div class=\"quform-label quform-label-1_6\"><label class=\"quform-label-text\" for=\"quform_1_6_ec006e\">Name and Surname<span class=\"quform-required\">*<\/span><\/label><\/div><div class=\"quform-inner quform-inner-text quform-inner-1_6\"><div class=\"quform-input quform-input-text quform-input-1_6 quform-cf\"><input type=\"text\" id=\"quform_1_6_ec006e\" name=\"quform_1_6\" class=\"quform-field quform-field-text quform-field-1_6\" \/><\/div><\/div><\/div><\/div><\/div><div class=\"quform-element quform-element-column quform-element-1_5\"><div class=\"quform-element quform-element-email quform-element-1_7 quform-cf quform-labels-inside quform-element-required\"><div class=\"quform-spacer\"><div class=\"quform-label quform-label-1_7\"><label class=\"quform-label-text\" for=\"quform_1_7_ec006e\">Your E-Mail Address<span class=\"quform-required\">*<\/span><\/label><\/div><div class=\"quform-inner quform-inner-email quform-inner-1_7\"><div class=\"quform-input quform-input-email quform-input-1_7 quform-cf\"><input type=\"email\" id=\"quform_1_7_ec006e\" name=\"quform_1_7\" class=\"quform-field quform-field-email quform-field-1_7\" \/><\/div><\/div><\/div><\/div><\/div><\/div><div class=\"quform-element quform-element-text quform-element-1_8 quform-cf quform-labels-inside quform-element-required\"><div class=\"quform-spacer\"><div class=\"quform-label quform-label-1_8\"><label class=\"quform-label-text\" for=\"quform_1_8_ec006e\">Subject<span class=\"quform-required\">*<\/span><\/label><\/div><div class=\"quform-inner quform-inner-text quform-inner-1_8\"><div class=\"quform-input quform-input-text quform-input-1_8 quform-cf\"><input type=\"text\" id=\"quform_1_8_ec006e\" name=\"quform_1_8\" class=\"quform-field quform-field-text quform-field-1_8\" \/><\/div><\/div><\/div><\/div><div class=\"quform-element quform-element-textarea quform-element-1_9 quform-cf quform-labels-inside quform-element-required\"><div class=\"quform-spacer\"><div class=\"quform-label quform-label-1_9\"><label class=\"quform-label-text\" for=\"quform_1_9_ec006e\">Your Message<span class=\"quform-required\">*<\/span><\/label><\/div><div class=\"quform-inner quform-inner-textarea quform-inner-1_9\"><div class=\"quform-input quform-input-textarea quform-input-1_9 quform-cf\"><textarea id=\"quform_1_9_ec006e\" name=\"quform_1_9\" class=\"quform-field quform-field-textarea quform-field-1_9\"><\/textarea><\/div><\/div><\/div><\/div><div class=\"quform-element quform-element-captcha quform-element-1_10 quform-cf quform-labels-inside quform-element-required\"><div class=\"quform-spacer\"><div class=\"quform-label quform-label-1_10\"><label class=\"quform-label-text\" for=\"quform_1_10_ec006e\">Please write the characters<span class=\"quform-required\">*<\/span><\/label><\/div><div class=\"quform-inner quform-inner-captcha quform-inner-1_10\"><div class=\"quform-input quform-input-captcha quform-input-1_10 quform-cf\"><input type=\"text\" id=\"quform_1_10_ec006e\" name=\"quform_1_10\" class=\"quform-field quform-field-captcha quform-field-1_10\" \/><\/div><div class=\"quform-captcha quform-cf\"><div class=\"quform-captcha-image quform-captcha-image-1_10\"><img decoding=\"async\" class=\"quform-captcha-image-img\" src=\"data:image\/png;base64,iVBORw0KGgoAAAANSUhEUgAAAOYAAABQBAMAAAD\/1xTgAAAAG1BMVEX\/\/\/8iIiLHx8esrKyQkJDj4+NZWVl0dHQ9PT17jkLzAAAACXBIWXMAAA7EAAAOxAGVKw4bAAAEAUlEQVRoge1Yz1ObQBSmkDU5utoSjqC19Vg0Oj2KdmqPIbbqUXTUHqVG7dFto\/XP7nu7C+xCBBJnaA98h8Bs2P3efu\/XgmG0aNGixX8Ec7A5bJhymwJummQkMeXYaZDzo6Ck\/eYou8j31OxGI0onQ+Mro\/RNU5Swzdd4PZbXJhBQx8WrSanTECWhdEncgcYN5Wg3DZ2AUrcZzl7K1BxnSOkPcRc3pq0HefmAN+BYuxlK3CddxpuuvDYA8KfIS5\/Sk7lXWf05meHpruSE9JzXnaN9qGGzxB+RNc9L8zTBwe3j5YcaK6yLDjEDJ0zBOmRBFdK3eYQLOTvlkw8+P7qMU85WNwdbBvfmOWw6o7WE9XaJ3mQApYsuIqezm46+31urx9vh3dNiTipmIJvqw7NzTLHBRd9R3UJqN+KAV0A\/kwi13h1tl+XsAqcEK+HmKh3l+tShhOD9BRclFEKxDkTWs2EkOK+4qZkHMCZr9aeIBxDKkuRoIAQCq++fm2Q+XTKuI9MCyApq1bMFSYUOWhRDTHJFpcUJ0+S8k7OrV8ufsbRsnUaSkyQuCkoXIBC4jp\/LzbBO3pipoSvJPs2kq\/qqc6z9sWtoydMRCaUt59Wp2yDt8O3FxXht9CXxZ8oZKPFhgfb2kb5vXoT0s5sPmbO6UcHp0f47mkCEKUnIY0U4fvRmeiKgukqmCDOX4EnbNcoAPkspE5mk8YRmyQI6ng0Kydcp1L2AThE8j5hmeEjHePk9VDhD9NNxnhP7EZbN4nL3ZZwojz2+5a8PifOgJvyGEs4UTh81tPKcvDKI06qy3AWrqICxUIcM7sZpvKBkDlM8jGu5KHauyPj8GTVSGTqYxOXdLeB7KhqC+JNNZU72mwIcvuzrYSR22C0\/dnh0yv+il\/WPslwRUZHjxKV5iR2abmrFPX+w9PWnV0gxBL40Tdxe5j\/JmS8AYBOeb5wkepPUDkpLg5mVWQVD49sQ10w5pLY6J8OVCXeqFKAjveGVl0B\/yqtnINp3nM2M+I71vAOCE9dgakJ2pTJheeCaUcEk2SwsRYEA7Tf1lSClYmckmrc0e0FuuFap19ATYaUqEOJIV+UkA77DG4zvjWym2HCFttM5T+E8pfZ8Tqf1tlDk0872tZsNvpKcfv7sWgmsCTaj6hkMUsL+rpUXkcNn+sxQmhnN\/qlAxIV26D0WKZsNQDF53MsfRj2R0eYcryKHUjd1DNprX+W0xlvFieIIic6p8xKgA7+N2bk1RyukMjJiXn2hr87zdYKsTDmQV3NiW5lsxoXXn7nRuaN2xddIpp84Xo64shnDPtcL7e1FCKo5D0\/5N8t+uRozwBp82r9zq56C7l9IoRYtWrRo0aJFixb\/CH8BJIekLGgfJF4AAAAASUVORK5CYII=\" alt=\"CAPTCHA image\" data-element-id=\"10\" width=\"115\" height=\"40\" \/><\/div><\/div><p class=\"quform-description quform-description-below\">This will help us prevent spam, thanks.<\/p><\/div><\/div><\/div><div class=\"quform-element quform-element-submit quform-element-1_2 quform-cf quform-button-style-theme quform-button-size-medium quform-button-width-medium\"><div class=\"quform-button-submit quform-button-submit-default quform-button-submit-1_2\"><button name=\"quform_submit\" type=\"submit\" class=\"quform-submit\" value=\"submit\"><span class=\"quform-button-text quform-button-submit-text\">Send<\/span><\/button><\/div><div class=\"quform-loading quform-loading-position-left quform-loading-type-spinner-1\"><div class=\"quform-loading-inner\"><div class=\"quform-loading-spinner\"><div class=\"quform-loading-spinner-inner\"><\/div><\/div><\/div><\/div><\/div><div class=\"quform-element-tree\"><label for=\"quform_1_0_ec006e\">This field should be left blank<\/label><input type=\"text\" id=\"quform_1_0_ec006e\" name=\"quform_1_0\" class=\"quform-field quform-field-tree quform-field-1_0\" tabindex=\"-1\" autocomplete=\"off\" \/><\/div><\/div><\/div><\/div><\/div><input type=\"hidden\" name=\"trp-form-language\" value=\"en\"\/><\/form><\/div>\n\n\t\t<\/div>\n\t<\/div>\n<div class=\"cz_gap clr  hide_on_tablet hide_on_mobile\" style=\"height: 1px\"><\/div><div class=\"cz_gap show_on_tablet clr\" style=\"height: 50px\"><\/div><\/div><\/div><\/div><div class=\"wpb_column vc_column_container vc_col-sm-12 vc_col-lg-6\"><div class=\"vc_column-inner\"><div class=\"wpb_wrapper\"><div id=\"cz_27998\" class=\"cz_27998 cz_title clr cz_title_pos_inline\"><div class=\"cz_title_shape shape_text cz_shape_1\">C<\/div><div class=\"cz_title_content\"><div class=\"cz_wpe_content\"><h5><span style=\"font-size: 38px; color: #000001;\">Location<\/span><\/h5>\n<\/div><\/div><\/div><div class=\"cz_gap clr\" style=\"height: 30px\"><\/div><div class=\"wpb_gmaps_widget wpb_content_element\"><div class=\"wpb_wrapper\"><div class=\"wpb_map_wraper\"><iframe src=\"https:\/\/www.google.com\/maps\/embed?pb=!1m18!1m12!1m3!1d398.33515971317314!2d35.320532837284034!3d36.993540354419885!2m3!1f0!2f0!3f0!3m2!1i1024!2i768!4f13.1!3m3!1m2!1s0x1528855b27b322af%3A0x1a885b9b5c02ebcd!2sBayrak%20Law%20Office!5e0!3m2!1str!2str!4v1707892865403!5m2!1str!2str\" width=\"600\" height=\"450\" style=\"border:0;\" allowfullscreen=\"\" loading=\"lazy\" referrerpolicy=\"no-referrer-when-downgrade\"><\/iframe><\/div><\/div><\/div><\/div><\/div><\/div><\/div><div class=\"vc_row wpb_row vc_row-fluid\"><div class=\"wpb_column vc_column_container vc_col-sm-12\"><div class=\"vc_column-inner\"><div class=\"wpb_wrapper\"><div class=\"cz_gap clr\" style=\"height: 100px\"><\/div><\/div><\/div><\/div><\/div>\n<\/div>","protected":false},"excerpt":{"rendered":"Adres\u00c7\u0131narl\u0131, 61027. Sk. Sunar Nuri \u00c7omu \u0130\u015f Merkezi, Seyhan\/ADANA\/T\u00dcRK\u0130YE\u00c7al\u0131\u015fma SaatleriPazartesi - Cuma 09:00 - 18:00Telefon+90 (532) 246 84 20E-Postainfo@bayraklaw.comC\u0130leti\u015fim Formu","protected":false},"author":1,"featured_media":0,"parent":0,"menu_order":0,"comment_status":"closed","ping_status":"closed","template":"","meta":{"footnotes":""},"class_list":["post-601","page","type-page","status-publish","hentry"],"yoast_head":"<!-- This site is optimized with the Yoast SEO plugin v24.6 - https:\/\/yoast.com\/wordpress\/plugins\/seo\/ -->\n<title>\u0130LET\u0130\u015e\u0130M - Bayrak Hukuk B\u00fcrosu<\/title>\n<meta name=\"robots\" content=\"index, follow, max-snippet:-1, max-image-preview:large, max-video-preview:-1\" \/>\n<link rel=\"canonical\" href=\"https:\/\/www.bayraklaw.com\/en\/iletisim\/\" \/>\n<meta property=\"og:locale\" content=\"en_GB\" \/>\n<meta property=\"og:type\" content=\"article\" \/>\n<meta property=\"og:title\" content=\"\u0130LET\u0130\u015e\u0130M - Bayrak Hukuk B\u00fcrosu\" \/>\n<meta property=\"og:url\" content=\"https:\/\/www.bayraklaw.com\/en\/iletisim\/\" \/>\n<meta property=\"og:site_name\" content=\"Bayrak Hukuk B\u00fcrosu\" \/>\n<meta property=\"article:modified_time\" content=\"2025-06-02T14:04:46+00:00\" \/>\n<meta name=\"twitter:card\" content=\"summary_large_image\" \/>\n<meta name=\"twitter:label1\" content=\"Estimated reading time\" \/>\n\t<meta name=\"twitter:data1\" content=\"1 minute\" \/>\n<script type=\"application\/ld+json\" class=\"yoast-schema-graph\">{\"@context\":\"https:\/\/schema.org\",\"@graph\":[{\"@type\":\"WebPage\",\"@id\":\"https:\/\/www.bayraklaw.com\/iletisim\/\",\"url\":\"https:\/\/www.bayraklaw.com\/iletisim\/\",\"name\":\"\u0130LET\u0130\u015e\u0130M - Bayrak Hukuk B\u00fcrosu\",\"isPartOf\":{\"@id\":\"https:\/\/www.bayraklaw.com\/#website\"},\"datePublished\":\"2024-02-02T08:04:03+00:00\",\"dateModified\":\"2025-06-02T14:04:46+00:00\",\"breadcrumb\":{\"@id\":\"https:\/\/www.bayraklaw.com\/iletisim\/#breadcrumb\"},\"inLanguage\":\"en-GB\",\"potentialAction\":[{\"@type\":\"ReadAction\",\"target\":[\"https:\/\/www.bayraklaw.com\/iletisim\/\"]}]},{\"@type\":\"BreadcrumbList\",\"@id\":\"https:\/\/www.bayraklaw.com\/iletisim\/#breadcrumb\",\"itemListElement\":[{\"@type\":\"ListItem\",\"position\":1,\"name\":\"Anasayfa\",\"item\":\"https:\/\/www.bayraklaw.com\/\"},{\"@type\":\"ListItem\",\"position\":2,\"name\":\"\u0130LET\u0130\u015e\u0130M\"}]},{\"@type\":\"WebSite\",\"@id\":\"https:\/\/www.bayraklaw.com\/#website\",\"url\":\"https:\/\/www.bayraklaw.com\/\",\"name\":\"Bayrak Hukuk B\u00fcrosu\",\"description\":\"\",\"publisher\":{\"@id\":\"https:\/\/www.bayraklaw.com\/#organization\"},\"potentialAction\":[{\"@type\":\"SearchAction\",\"target\":{\"@type\":\"EntryPoint\",\"urlTemplate\":\"https:\/\/www.bayraklaw.com\/?s={search_term_string}\"},\"query-input\":{\"@type\":\"PropertyValueSpecification\",\"valueRequired\":true,\"valueName\":\"search_term_string\"}}],\"inLanguage\":\"en-GB\"},{\"@type\":\"Organization\",\"@id\":\"https:\/\/www.bayraklaw.com\/#organization\",\"name\":\"Bayrak Hukuk B\u00fcrosu\",\"url\":\"https:\/\/www.bayraklaw.com\/\",\"logo\":{\"@type\":\"ImageObject\",\"inLanguage\":\"en-GB\",\"@id\":\"https:\/\/www.bayraklaw.com\/#\/schema\/logo\/image\/\",\"url\":\"https:\/\/www.bayraklaw.com\/wp-content\/uploads\/2025\/03\/Black-and-Yellow-Lines-Attorney-Law-Logo-2-kopyasi.png\",\"contentUrl\":\"https:\/\/www.bayraklaw.com\/wp-content\/uploads\/2025\/03\/Black-and-Yellow-Lines-Attorney-Law-Logo-2-kopyasi.png\",\"width\":1558,\"height\":860,\"caption\":\"Bayrak Hukuk B\u00fcrosu\"},\"image\":{\"@id\":\"https:\/\/www.bayraklaw.com\/#\/schema\/logo\/image\/\"},\"sameAs\":[\"http:\/\/linkedin.com\/company\/bayrak-law\"]}]}<\/script>\n<!-- \/ Yoast SEO plugin. -->","yoast_head_json":{"title":"\u0130LET\u0130\u015e\u0130M - Bayrak Hukuk B\u00fcrosu","robots":{"index":"index","follow":"follow","max-snippet":"max-snippet:-1","max-image-preview":"max-image-preview:large","max-video-preview":"max-video-preview:-1"},"canonical":"https:\/\/www.bayraklaw.com\/en\/iletisim\/","og_locale":"en_GB","og_type":"article","og_title":"\u0130LET\u0130\u015e\u0130M - Bayrak Hukuk B\u00fcrosu","og_url":"https:\/\/www.bayraklaw.com\/en\/iletisim\/","og_site_name":"Bayrak Hukuk B\u00fcrosu","article_modified_time":"2025-06-02T14:04:46+00:00","twitter_card":"summary_large_image","twitter_misc":{"Estimated reading time":"1 minute"},"schema":{"@context":"https:\/\/schema.org","@graph":[{"@type":"WebPage","@id":"https:\/\/www.bayraklaw.com\/iletisim\/","url":"https:\/\/www.bayraklaw.com\/iletisim\/","name":"\u0130LET\u0130\u015e\u0130M - Bayrak Hukuk B\u00fcrosu","isPartOf":{"@id":"https:\/\/www.bayraklaw.com\/#website"},"datePublished":"2024-02-02T08:04:03+00:00","dateModified":"2025-06-02T14:04:46+00:00","breadcrumb":{"@id":"https:\/\/www.bayraklaw.com\/iletisim\/#breadcrumb"},"inLanguage":"en-GB","potentialAction":[{"@type":"ReadAction","target":["https:\/\/www.bayraklaw.com\/iletisim\/"]}]},{"@type":"BreadcrumbList","@id":"https:\/\/www.bayraklaw.com\/iletisim\/#breadcrumb","itemListElement":[{"@type":"ListItem","position":1,"name":"Anasayfa","item":"https:\/\/www.bayraklaw.com\/"},{"@type":"ListItem","position":2,"name":"\u0130LET\u0130\u015e\u0130M"}]},{"@type":"WebSite","@id":"https:\/\/www.bayraklaw.com\/#website","url":"https:\/\/www.bayraklaw.com\/","name":"Bayrak Hukuk B\u00fcrosu","description":"","publisher":{"@id":"https:\/\/www.bayraklaw.com\/#organization"},"potentialAction":[{"@type":"SearchAction","target":{"@type":"EntryPoint","urlTemplate":"https:\/\/www.bayraklaw.com\/?s={search_term_string}"},"query-input":{"@type":"PropertyValueSpecification","valueRequired":true,"valueName":"search_term_string"}}],"inLanguage":"en-GB"},{"@type":"Organization","@id":"https:\/\/www.bayraklaw.com\/#organization","name":"Bayrak Hukuk B\u00fcrosu","url":"https:\/\/www.bayraklaw.com\/","logo":{"@type":"ImageObject","inLanguage":"en-GB","@id":"https:\/\/www.bayraklaw.com\/#\/schema\/logo\/image\/","url":"https:\/\/www.bayraklaw.com\/wp-content\/uploads\/2025\/03\/Black-and-Yellow-Lines-Attorney-Law-Logo-2-kopyasi.png","contentUrl":"https:\/\/www.bayraklaw.com\/wp-content\/uploads\/2025\/03\/Black-and-Yellow-Lines-Attorney-Law-Logo-2-kopyasi.png","width":1558,"height":860,"caption":"Bayrak Hukuk B\u00fcrosu"},"image":{"@id":"https:\/\/www.bayraklaw.com\/#\/schema\/logo\/image\/"},"sameAs":["http:\/\/linkedin.com\/company\/bayrak-law"]}]}},"_links":{"self":[{"href":"https:\/\/www.bayraklaw.com\/en\/wp-json\/wp\/v2\/pages\/601","targetHints":{"allow":["GET"]}}],"collection":[{"href":"https:\/\/www.bayraklaw.com\/en\/wp-json\/wp\/v2\/pages"}],"about":[{"href":"https:\/\/www.bayraklaw.com\/en\/wp-json\/wp\/v2\/types\/page"}],"author":[{"embeddable":true,"href":"https:\/\/www.bayraklaw.com\/en\/wp-json\/wp\/v2\/users\/1"}],"replies":[{"embeddable":true,"href":"https:\/\/www.bayraklaw.com\/en\/wp-json\/wp\/v2\/comments?post=601"}],"version-history":[{"count":28,"href":"https:\/\/www.bayraklaw.com\/en\/wp-json\/wp\/v2\/pages\/601\/revisions"}],"predecessor-version":[{"id":946,"href":"https:\/\/www.bayraklaw.com\/en\/wp-json\/wp\/v2\/pages\/601\/revisions\/946"}],"wp:attachment":[{"href":"https:\/\/www.bayraklaw.com\/en\/wp-json\/wp\/v2\/media?parent=601"}],"curies":[{"name":"wp","href":"https:\/\/api.w.org\/{rel}","templated":true}]}}