{"id":594,"date":"2024-02-02T07:56:16","date_gmt":"2024-02-02T07:56:16","guid":{"rendered":"https:\/\/www.bayraklaw.com\/?page_id=594"},"modified":"2025-03-10T08:42:14","modified_gmt":"2025-03-10T08:42:14","slug":"ana-sayfa","status":"publish","type":"page","link":"https:\/\/www.bayraklaw.com\/en\/","title":{"rendered":"Ana Sayfa"},"content":{"rendered":"<div class=\"wpb-content-wrapper\"><div class=\"vc_row wpb_row vc_row-fluid\"><div class=\"wpb_column vc_column_container vc_col-sm-12\"><div class=\"vc_column-inner\"><div class=\"wpb_wrapper\"><div id=\"cz_13990\" class=\"cz_13990 cz_title clr cz_title_pos_inline tac\"><div class=\"cz_title_content\"><div class=\"cz_wpe_content\"><h3 style=\"text-align: center;\"><span style=\"font-size: 26px;\">Let Us Be Your Professional Partner for Legal Solutions.<\/span><\/h3>\n<\/div><\/div><\/div><div class=\"cz_gap clr\" style=\"height: 25px\"><\/div><div class=\"cz_gap clr\" style=\"height: 25px\"><\/div><div id=\"cz_103554\" class=\"cz_103554 cz_title clr cz_title_pos_inline tac\"><div class=\"cz_title_content\"><div class=\"cz_wpe_content\"><div class=\"vc_row wpb_row vc_row-fluid\">\n<div class=\"wpb_column vc_column_container vc_col-sm-12\">\n<div class=\"vc_column-inner\">\n<div class=\"wpb_wrapper\">\n<div class=\"cz_wrap clr\">\n<div id=\"cz_77920\" class=\"cz_77920 cz_title clr cz_title_pos_inline tac\">\n<div class=\"cz_title_content\">\n<div class=\"cz_wpe_content\">\n<p style=\"text-align: center;\"><span style=\"font-size: 17px;\">We are committed to providing tailored solutions by approaching each case with a unique perspective. We offer quality services across a range of fields, including commercial law, corporate law, contract negotiations and disputes, transport law, arbitration, and competition law.<\/span><\/p>\n<p>&nbsp;<\/p>\n<p style=\"text-align: center;\"><span style=\"font-size: 17px;\">At Bayrak Law Office, we specialize in resolving legal disputes by developing strategic roadmaps to vigorously defend our clients' rights. Our proactive approach includes comprehensive advisory services designed to prevent potential issues. Whether you need expert legal guidance or a strong advocate, we are here to support you. Contact us today to experience the expertise of Bayrak Law Office.<\/span><\/p>\n<\/div>\n<\/div>\n<\/div>\n<\/div>\n<\/div>\n<\/div>\n<\/div>\n<\/div>\n<div class=\"vc_row wpb_row vc_row-fluid\">\n<div class=\"wpb_column vc_column_container vc_col-sm-12\">\n<div class=\"vc_column-inner\">\n<div class=\"wpb_wrapper\" style=\"text-align: center;\"><\/div>\n<\/div>\n<\/div>\n<\/div>\n<\/div><\/div><\/div><\/div><\/div><\/div><\/div><div class=\"vc_row wpb_row vc_row-fluid\"><div class=\"wpb_column vc_column_container vc_col-sm-12\"><div class=\"vc_column-inner\"><div class=\"wpb_wrapper\"><div class=\"cz_gap clr\" style=\"height: 50px\"><\/div><div class=\"cz_gap clr\" style=\"height: 50px\"><\/div><\/div><\/div><\/div><\/div><div class=\"vc_row wpb_row vc_row-fluid\"><div class=\"wpb_column vc_column_container vc_col-sm-12\"><div class=\"vc_column-inner\"><div class=\"wpb_wrapper\"><div id=\"cz_89839\" class=\"cz_89839 cz_title clr cz_title_pos_inline tac\"><div class=\"cz_title_content\"><span class=\"cz_line_side_solo\">_<\/span><div class=\"cz_wpe_content\"><p style=\"text-align: center;\"><span style=\"font-size: 26px; color: #000001; font-family: inherit;\"><strong>Newsletters<\/strong><\/span><\/p>\n<\/div><span class=\"cz_line_side_solo cz_line_side_after\" style=\"left:1px\">_<\/span><\/div><\/div><div class=\"cz_gap clr\" style=\"height: 10px\"><\/div><div id=\"cz_23433\" class=\"cz_23433\"><div class=\"cz_grid cz_grid_1 clr cz_grid_c3 cz_grid_1_title_sub_after cz_grid_1_has_excerpt cz_grid_1_no_image cz_grid_1_mid tac cz_meta_all_center\" data-gap=\"15\" data-atts='{\"action\":\"cz_ajax_posts\",\"post_class\":\"cz_grid_item\",\"post__in\":null,\"author__in\":null,\"nonce\":\"0b0bd4f52c\",\"nonce_id\":\"cz_23433\",\"loadmore_end\":\"Not found more posts\",\"layout\":\"cz_grid_c3\",\"hover\":\"cz_grid_1_title_sub_after cz_grid_1_has_excerpt cz_grid_1_no_image\",\"image_size\":\"codevz_600_600\",\"subtitles\":\"%5B%5D\",\"subtitle_pos\":\"\",\"icon\":\"fa fa-search\",\"el\":\"10\",\"title_lenght\":\"\",\"cat_tax\":\"category\",\"cat\":\"\",\"cat_exclude\":\"\",\"tag_tax\":\"post_tag\",\"tag_id\":\"\",\"tag_exclude\":\"\",\"post_type\":\"portfolio\",\"posts_per_page\":\"6\",\"order\":\"DESC\",\"orderby\":\"date\",\"tilt_data\":null,\"svg_sizes\":[\"600\",\"600\"],\"img_fx\":\"\",\"custom_size\":\"\",\"excerpt_rm\":\"true\",\"title_tag\":\"h4\",\"s\":\"\"}'><div class=\"cz_grid_item cz_grid_first\"><\/div><div data-id=\"935\" class=\"cz_grid_item  cz_posts_list_even 935 post-935 portfolio type-portfolio status-publish format-standard hentry\"><div class=\"clr\"><a class=\"cz_grid_link\" href=\"https:\/\/www.bayraklaw.com\/en\/bultenler\/giris-yasagi-islemine-karsi-kanun-yolu\/\" title=\"T\u00fcrkiye&#8217;ye Giri\u015f Yasa\u011f\u0131n\u0131n Kald\u0131r\u0131lmas\u0131\"><div class=\"cz_grid_details\"><i class=\"fa fa-search cz_grid_icon\"><\/i><\/div><\/a><div class=\"cz_grid_details cz_grid_details_outside\"><a class=\"cz_grid_title\" href=\"https:\/\/www.bayraklaw.com\/en\/bultenler\/giris-yasagi-islemine-karsi-kanun-yolu\/\"><h4>Cancellation of Entry Ban and the Legal Process in Turkiye<\/h4><\/a><div class=\"cz_post_excerpt\">T\u00fcrkiye'ye giri\u015f yasa\u011f\u0131, T\u00fcrkiye'den s\u0131n\u0131r d\u0131\u015f\u0131 edilen veya ...<a class=\"cz_readmore cz_readmore_no_icon\" href=\"https:\/\/www.bayraklaw.com\/en\/bultenler\/giris-yasagi-islemine-karsi-kanun-yolu\/\"><span>Read More<\/span><\/a><\/div><\/div><\/div><\/div><div data-id=\"932\" class=\"cz_grid_item  cz_posts_list_odd 932 post-932 portfolio type-portfolio status-publish format-standard hentry\"><div class=\"clr\"><a class=\"cz_grid_link\" href=\"https:\/\/www.bayraklaw.com\/en\/bultenler\/karayoluyla-uluslararasi-esya-tasimalarindan-cmr-dogan-hukuki-sorumluluk\/\" title=\"T\u00fcrk Ticaret Kanunu ve CMR Kapsam\u0131nda Karayoluyla E\u015fya Ta\u015f\u0131malar\u0131ndan Do\u011fan Hukuki Sorumluluk\"><div class=\"cz_grid_details\"><i class=\"fa fa-search cz_grid_icon\"><\/i><\/div><\/a><div class=\"cz_grid_details cz_grid_details_outside\"><a class=\"cz_grid_title\" href=\"https:\/\/www.bayraklaw.com\/en\/bultenler\/karayoluyla-uluslararasi-esya-tasimalarindan-cmr-dogan-hukuki-sorumluluk\/\"><h4>T\u00fcrk Ticaret Kanunu ve CMR Kapsam\u0131nda Karayoluyla E\u015fya Ta\u015f\u0131malar\u0131ndan Do\u011fan Hukuki Sorumluluk<\/h4><\/a><div class=\"cz_post_excerpt\">Giri\u015f Karayoluyla e\u015fya ta\u015f\u0131malar\u0131, 6102 say\u0131l\u0131 T\u00fcrk Ticaret Kanunu'nun ...<a class=\"cz_readmore cz_readmore_no_icon\" href=\"https:\/\/www.bayraklaw.com\/en\/bultenler\/karayoluyla-uluslararasi-esya-tasimalarindan-cmr-dogan-hukuki-sorumluluk\/\"><span>Read More<\/span><\/a><\/div><\/div><\/div><\/div><div data-id=\"930\" class=\"cz_grid_item  cz_posts_list_even 930 post-930 portfolio type-portfolio status-publish format-standard hentry\"><div class=\"clr\"><a class=\"cz_grid_link\" href=\"https:\/\/www.bayraklaw.com\/en\/bultenler\/acenteye-karsi-dava-acilmasi\/\" title=\"Acenteye Kar\u015f\u0131 Dava A\u00e7\u0131lmas\u0131\"><div class=\"cz_grid_details\"><i class=\"fa fa-search cz_grid_icon\"><\/i><\/div><\/a><div class=\"cz_grid_details cz_grid_details_outside\"><a class=\"cz_grid_title\" href=\"https:\/\/www.bayraklaw.com\/en\/bultenler\/acenteye-karsi-dava-acilmasi\/\"><h4>Acenteye Kar\u015f\u0131 Dava A\u00e7\u0131lmas\u0131<\/h4><\/a><div class=\"cz_post_excerpt\">Acentenin tan\u0131m\u0131 T\u00fcrk Ticaret Kanunu\u2019nun (TTK) 102. maddesinde yap\u0131lm\u0131\u015ft\u0131r ...<a class=\"cz_readmore cz_readmore_no_icon\" href=\"https:\/\/www.bayraklaw.com\/en\/bultenler\/acenteye-karsi-dava-acilmasi\/\"><span>Read More<\/span><\/a><\/div><\/div><\/div><\/div><div data-id=\"928\" class=\"cz_grid_item  cz_posts_list_odd 928 post-928 portfolio type-portfolio status-publish format-standard hentry\"><div class=\"clr\"><a class=\"cz_grid_link\" href=\"https:\/\/www.bayraklaw.com\/en\/bultenler\/ticari-defterlerin-elektronik-ortamda-tutulmasina-iliskin-yeni-duzenleme\/\" title=\"Ticari Defterlerin Elektronik Ortamda Tutulmas\u0131na \u0130li\u015fkin Yeni D\u00fczenleme\"><div class=\"cz_grid_details\"><i class=\"fa fa-search cz_grid_icon\"><\/i><\/div><\/a><div class=\"cz_grid_details cz_grid_details_outside\"><a class=\"cz_grid_title\" href=\"https:\/\/www.bayraklaw.com\/en\/bultenler\/ticari-defterlerin-elektronik-ortamda-tutulmasina-iliskin-yeni-duzenleme\/\"><h4>Ticari Defterlerin Elektronik Ortamda Tutulmas\u0131na \u0130li\u015fkin Yeni D\u00fczenleme<\/h4><\/a><div class=\"cz_post_excerpt\">Giri\u015f G\u00fcn\u00fcm\u00fcz i\u015f d\u00fcnyas\u0131nda dijitalle\u015fme, \u015firketlerin muhasebe ve belge y\u00f6netim ...<a class=\"cz_readmore cz_readmore_no_icon\" href=\"https:\/\/www.bayraklaw.com\/en\/bultenler\/ticari-defterlerin-elektronik-ortamda-tutulmasina-iliskin-yeni-duzenleme\/\"><span>Read More<\/span><\/a><\/div><\/div><\/div><\/div><div data-id=\"926\" class=\"cz_grid_item  cz_posts_list_even 926 post-926 portfolio type-portfolio status-publish format-standard hentry\"><div class=\"clr\"><a class=\"cz_grid_link\" href=\"https:\/\/www.bayraklaw.com\/en\/bultenler\/926\/\" title=\"Elektronik Ticari Defter ve Belgelerin Sibel Sald\u0131r\u0131 Sonucu Ziya\u0131 ve \u0130ptali Usul\u00fcne Dair D\u00fczenlemeler ve \u0130\u00e7tihatlar\"><div class=\"cz_grid_details\"><i class=\"fa fa-search cz_grid_icon\"><\/i><\/div><\/a><div class=\"cz_grid_details cz_grid_details_outside\"><a class=\"cz_grid_title\" href=\"https:\/\/www.bayraklaw.com\/en\/bultenler\/926\/\"><h4>Elektronik Ticari Defter ve Belgelerin Sibel Sald\u0131r\u0131 Sonucu Ziya\u0131 ve \u0130ptali Usul\u00fcne Dair D\u00fczenlemeler ve \u0130\u00e7tihatlar<\/h4><\/a><div class=\"cz_post_excerpt\">Giri\u015f G\u00fcn\u00fcm\u00fczde dijitalle\u015fmenin yayg\u0131nla\u015fmas\u0131yla birlikte ticari defter ve belgelerin elektronik ...<a class=\"cz_readmore cz_readmore_no_icon\" href=\"https:\/\/www.bayraklaw.com\/en\/bultenler\/926\/\"><span>Read More<\/span><\/a><\/div><\/div><\/div><\/div><div data-id=\"924\" class=\"cz_grid_item  cz_posts_list_odd 924 post-924 portfolio type-portfolio status-publish format-standard hentry\"><div class=\"clr\"><a class=\"cz_grid_link\" href=\"https:\/\/www.bayraklaw.com\/en\/bultenler\/sosyal-guvenlik-kurumunun-sgk-karsilamadigi-kanser-ilaclari-icin-hukuki-yollar\/\" title=\"Sosyal G\u00fcvenlik Kurumu&#8217;nun (SGK) Kar\u015f\u0131lamad\u0131\u011f\u0131 Kanser \u0130la\u00e7lar\u0131 i\u00e7in Hukuki Yollar\"><div class=\"cz_grid_details\"><i class=\"fa fa-search cz_grid_icon\"><\/i><\/div><\/a><div class=\"cz_grid_details cz_grid_details_outside\"><a class=\"cz_grid_title\" href=\"https:\/\/www.bayraklaw.com\/en\/bultenler\/sosyal-guvenlik-kurumunun-sgk-karsilamadigi-kanser-ilaclari-icin-hukuki-yollar\/\"><h4>Legal Ways for Cancer Medications Not Covered by the Social Security Institution<\/h4><\/a><div class=\"cz_post_excerpt\">Kanser tedavisi s\u00fcrecinde hastalar ve yak\u0131nlar\u0131 \u00e7e\u015fitli zorluklarla kar\u015f\u0131la\u015fmaktad\u0131r. Bu ...<a class=\"cz_readmore cz_readmore_no_icon\" href=\"https:\/\/www.bayraklaw.com\/en\/bultenler\/sosyal-guvenlik-kurumunun-sgk-karsilamadigi-kanser-ilaclari-icin-hukuki-yollar\/\"><span>Read More<\/span><\/a><\/div><\/div><\/div><\/div><\/div><\/div><\/div><\/div><\/div><\/div>\n<\/div>","protected":false},"excerpt":{"rendered":"Kanser tedavisi s\u00fcrecinde hastalar ve yak\u0131nlar\u0131 \u00e7e\u015fitli zorluklarla kar\u015f\u0131la\u015fmaktad\u0131r. Bu zorluklar\u0131n ba\u015f\u0131nda ise Sosyal G\u00fcvenlik Kurumu (SGK) taraf\u0131ndan kar\u015f\u0131lanmayan kanser ila\u00e7lar\u0131 gelmektedir. Kanser hastalar\u0131 i\u00e7in gerekli olan ila\u00e7lar\u0131n finansman\u0131, SGK taraf\u0131ndan belirlenen kriterlere g\u00f6re \u015fekillenmektedir. SGK\u2019n\u0131n sa\u011fl\u0131k hizmetlerine ili\u015fkin d\u00fczenlemeleri Sa\u011fl\u0131k Uygulama Tebli\u011fi kapsam\u0131nda ele al\u0131nmakta olup, hangi ila\u00e7lar\u0131n geri \u00f6deme kapsam\u0131nda oldu\u011fu a\u00e7\u0131k\u00e7a belirlenmi\u015ftir. Sa\u011fl\u0131k Uygulama Tebli\u011fi\u2019nin 4.1.9 - Bedeli \u00d6denecek \u0130la\u00e7lar (EK-4\/A) ba\u015fl\u0131kl\u0131 maddesine g\u00f6re, SGK taraf\u0131ndan kar\u015f\u0131lanacak ila\u00e7lar, Kurumun resmi internet sitesinde yay\u0131mlanan \"Bedeli \u00d6denecek \u0130la\u00e7lar Listesi (EK-4\/A)\" i\u00e7erisinde belirtilmi\u015ftir. Tebli\u011fde a\u00e7\u0131k\u00e7a ifade edildi\u011fi \u00fczere, bu listede ticari ismi ve barkod\/karekod numaras\u0131 bulunmayan ila\u00e7lar\u0131n bedelleri hi\u00e7bir","protected":false},"author":1,"featured_media":0,"parent":0,"menu_order":0,"comment_status":"closed","ping_status":"closed","template":"","meta":{"footnotes":""},"class_list":["post-594","page","type-page","status-publish","hentry"],"yoast_head":"<!-- This site is optimized with the Yoast SEO plugin v24.6 - https:\/\/yoast.com\/wordpress\/plugins\/seo\/ -->\n<title>Ana Sayfa - Bayrak Hukuk B\u00fcrosu | Ticaret ve Tahkim Hukuku<\/title>\n<meta name=\"description\" content=\"Bayrak Hukuk B\u00fcrosu, ticaret hukuku, tahkim, \u015firketler hukuku dahil \u00e7e\u015fitli alanlarda uzman hukuk dan\u0131\u015fmanl\u0131\u011f\u0131 ve dava takibi hizmetleri sunmaktad\u0131r.\" \/>\n<meta name=\"robots\" content=\"index, follow, max-snippet:-1, max-image-preview:large, max-video-preview:-1\" \/>\n<link rel=\"canonical\" href=\"https:\/\/www.bayraklaw.com\/en\/\" \/>\n<meta property=\"og:locale\" content=\"en_GB\" \/>\n<meta property=\"og:type\" content=\"article\" \/>\n<meta property=\"og:title\" content=\"Ana Sayfa - Bayrak Hukuk B\u00fcrosu | Ticaret ve Tahkim Hukuku\" \/>\n<meta property=\"og:description\" content=\"Bayrak Hukuk B\u00fcrosu, ticaret hukuku, tahkim, \u015firketler hukuku dahil \u00e7e\u015fitli alanlarda uzman hukuk dan\u0131\u015fmanl\u0131\u011f\u0131 ve dava takibi hizmetleri sunmaktad\u0131r.\" \/>\n<meta property=\"og:url\" content=\"https:\/\/www.bayraklaw.com\/en\/\" \/>\n<meta property=\"og:site_name\" content=\"Bayrak Hukuk B\u00fcrosu\" \/>\n<meta property=\"article:modified_time\" content=\"2025-03-10T08:42:14+00:00\" \/>\n<meta name=\"twitter:card\" content=\"summary_large_image\" \/>\n<meta name=\"twitter:label1\" content=\"Estimated reading time\" \/>\n\t<meta name=\"twitter:data1\" content=\"1 minute\" \/>\n<script type=\"application\/ld+json\" class=\"yoast-schema-graph\">{\"@context\":\"https:\/\/schema.org\",\"@graph\":[{\"@type\":\"WebPage\",\"@id\":\"https:\/\/www.bayraklaw.com\/\",\"url\":\"https:\/\/www.bayraklaw.com\/\",\"name\":\"Ana Sayfa - Bayrak Hukuk B\u00fcrosu | Ticaret ve Tahkim Hukuku\",\"isPartOf\":{\"@id\":\"https:\/\/www.bayraklaw.com\/#website\"},\"datePublished\":\"2024-02-02T07:56:16+00:00\",\"dateModified\":\"2025-03-10T08:42:14+00:00\",\"description\":\"Bayrak Hukuk B\u00fcrosu, ticaret hukuku, tahkim, \u015firketler hukuku dahil \u00e7e\u015fitli alanlarda uzman hukuk dan\u0131\u015fmanl\u0131\u011f\u0131 ve dava takibi hizmetleri sunmaktad\u0131r.\",\"breadcrumb\":{\"@id\":\"https:\/\/www.bayraklaw.com\/#breadcrumb\"},\"inLanguage\":\"en-GB\",\"potentialAction\":[{\"@type\":\"ReadAction\",\"target\":[\"https:\/\/www.bayraklaw.com\/\"]}]},{\"@type\":\"BreadcrumbList\",\"@id\":\"https:\/\/www.bayraklaw.com\/#breadcrumb\",\"itemListElement\":[{\"@type\":\"ListItem\",\"position\":1,\"name\":\"Anasayfa\",\"item\":\"https:\/\/www.bayraklaw.com\/\"},{\"@type\":\"ListItem\",\"position\":2,\"name\":\"Ana Sayfa\"}]},{\"@type\":\"WebSite\",\"@id\":\"https:\/\/www.bayraklaw.com\/#website\",\"url\":\"https:\/\/www.bayraklaw.com\/\",\"name\":\"Bayrak Hukuk B\u00fcrosu\",\"description\":\"\",\"publisher\":{\"@id\":\"https:\/\/www.bayraklaw.com\/#organization\"},\"potentialAction\":[{\"@type\":\"SearchAction\",\"target\":{\"@type\":\"EntryPoint\",\"urlTemplate\":\"https:\/\/www.bayraklaw.com\/?s={search_term_string}\"},\"query-input\":{\"@type\":\"PropertyValueSpecification\",\"valueRequired\":true,\"valueName\":\"search_term_string\"}}],\"inLanguage\":\"en-GB\"},{\"@type\":\"Organization\",\"@id\":\"https:\/\/www.bayraklaw.com\/#organization\",\"name\":\"Bayrak Hukuk B\u00fcrosu\",\"url\":\"https:\/\/www.bayraklaw.com\/\",\"logo\":{\"@type\":\"ImageObject\",\"inLanguage\":\"en-GB\",\"@id\":\"https:\/\/www.bayraklaw.com\/#\/schema\/logo\/image\/\",\"url\":\"https:\/\/www.bayraklaw.com\/wp-content\/uploads\/2025\/03\/Black-and-Yellow-Lines-Attorney-Law-Logo-2-kopyasi.png\",\"contentUrl\":\"https:\/\/www.bayraklaw.com\/wp-content\/uploads\/2025\/03\/Black-and-Yellow-Lines-Attorney-Law-Logo-2-kopyasi.png\",\"width\":1558,\"height\":860,\"caption\":\"Bayrak Hukuk B\u00fcrosu\"},\"image\":{\"@id\":\"https:\/\/www.bayraklaw.com\/#\/schema\/logo\/image\/\"},\"sameAs\":[\"http:\/\/linkedin.com\/company\/bayrak-law\"]}]}<\/script>\n<!-- \/ Yoast SEO plugin. -->","yoast_head_json":{"title":"Ana Sayfa - Bayrak Hukuk B\u00fcrosu | Ticaret ve Tahkim Hukuku","description":"Bayrak Hukuk B\u00fcrosu, ticaret hukuku, tahkim, \u015firketler hukuku dahil \u00e7e\u015fitli alanlarda uzman hukuk dan\u0131\u015fmanl\u0131\u011f\u0131 ve dava takibi hizmetleri sunmaktad\u0131r.","robots":{"index":"index","follow":"follow","max-snippet":"max-snippet:-1","max-image-preview":"max-image-preview:large","max-video-preview":"max-video-preview:-1"},"canonical":"https:\/\/www.bayraklaw.com\/en\/","og_locale":"en_GB","og_type":"article","og_title":"Ana Sayfa - Bayrak Hukuk B\u00fcrosu | Ticaret ve Tahkim Hukuku","og_description":"Bayrak Hukuk B\u00fcrosu, ticaret hukuku, tahkim, \u015firketler hukuku dahil \u00e7e\u015fitli alanlarda uzman hukuk dan\u0131\u015fmanl\u0131\u011f\u0131 ve dava takibi hizmetleri sunmaktad\u0131r.","og_url":"https:\/\/www.bayraklaw.com\/en\/","og_site_name":"Bayrak Hukuk B\u00fcrosu","article_modified_time":"2025-03-10T08:42:14+00:00","twitter_card":"summary_large_image","twitter_misc":{"Estimated reading time":"1 minute"},"schema":{"@context":"https:\/\/schema.org","@graph":[{"@type":"WebPage","@id":"https:\/\/www.bayraklaw.com\/","url":"https:\/\/www.bayraklaw.com\/","name":"Ana Sayfa - Bayrak Hukuk B\u00fcrosu | Ticaret ve Tahkim Hukuku","isPartOf":{"@id":"https:\/\/www.bayraklaw.com\/#website"},"datePublished":"2024-02-02T07:56:16+00:00","dateModified":"2025-03-10T08:42:14+00:00","description":"Bayrak Hukuk B\u00fcrosu, ticaret hukuku, tahkim, \u015firketler hukuku dahil \u00e7e\u015fitli alanlarda uzman hukuk dan\u0131\u015fmanl\u0131\u011f\u0131 ve dava takibi hizmetleri sunmaktad\u0131r.","breadcrumb":{"@id":"https:\/\/www.bayraklaw.com\/#breadcrumb"},"inLanguage":"en-GB","potentialAction":[{"@type":"ReadAction","target":["https:\/\/www.bayraklaw.com\/"]}]},{"@type":"BreadcrumbList","@id":"https:\/\/www.bayraklaw.com\/#breadcrumb","itemListElement":[{"@type":"ListItem","position":1,"name":"Anasayfa","item":"https:\/\/www.bayraklaw.com\/"},{"@type":"ListItem","position":2,"name":"Ana Sayfa"}]},{"@type":"WebSite","@id":"https:\/\/www.bayraklaw.com\/#website","url":"https:\/\/www.bayraklaw.com\/","name":"Bayrak Hukuk B\u00fcrosu","description":"","publisher":{"@id":"https:\/\/www.bayraklaw.com\/#organization"},"potentialAction":[{"@type":"SearchAction","target":{"@type":"EntryPoint","urlTemplate":"https:\/\/www.bayraklaw.com\/?s={search_term_string}"},"query-input":{"@type":"PropertyValueSpecification","valueRequired":true,"valueName":"search_term_string"}}],"inLanguage":"en-GB"},{"@type":"Organization","@id":"https:\/\/www.bayraklaw.com\/#organization","name":"Bayrak Hukuk B\u00fcrosu","url":"https:\/\/www.bayraklaw.com\/","logo":{"@type":"ImageObject","inLanguage":"en-GB","@id":"https:\/\/www.bayraklaw.com\/#\/schema\/logo\/image\/","url":"https:\/\/www.bayraklaw.com\/wp-content\/uploads\/2025\/03\/Black-and-Yellow-Lines-Attorney-Law-Logo-2-kopyasi.png","contentUrl":"https:\/\/www.bayraklaw.com\/wp-content\/uploads\/2025\/03\/Black-and-Yellow-Lines-Attorney-Law-Logo-2-kopyasi.png","width":1558,"height":860,"caption":"Bayrak Hukuk B\u00fcrosu"},"image":{"@id":"https:\/\/www.bayraklaw.com\/#\/schema\/logo\/image\/"},"sameAs":["http:\/\/linkedin.com\/company\/bayrak-law"]}]}},"_links":{"self":[{"href":"https:\/\/www.bayraklaw.com\/en\/wp-json\/wp\/v2\/pages\/594","targetHints":{"allow":["GET"]}}],"collection":[{"href":"https:\/\/www.bayraklaw.com\/en\/wp-json\/wp\/v2\/pages"}],"about":[{"href":"https:\/\/www.bayraklaw.com\/en\/wp-json\/wp\/v2\/types\/page"}],"author":[{"embeddable":true,"href":"https:\/\/www.bayraklaw.com\/en\/wp-json\/wp\/v2\/users\/1"}],"replies":[{"embeddable":true,"href":"https:\/\/www.bayraklaw.com\/en\/wp-json\/wp\/v2\/comments?post=594"}],"version-history":[{"count":18,"href":"https:\/\/www.bayraklaw.com\/en\/wp-json\/wp\/v2\/pages\/594\/revisions"}],"predecessor-version":[{"id":912,"href":"https:\/\/www.bayraklaw.com\/en\/wp-json\/wp\/v2\/pages\/594\/revisions\/912"}],"wp:attachment":[{"href":"https:\/\/www.bayraklaw.com\/en\/wp-json\/wp\/v2\/media?parent=594"}],"curies":[{"name":"wp","href":"https:\/\/api.w.org\/{rel}","templated":true}]}}